{"id":36553,"date":"2024-08-12T15:18:35","date_gmt":"2024-08-12T13:18:35","guid":{"rendered":"https:\/\/coverproject.ch\/pergolas-de-jardin-bioclimatiques-au-tessin\/"},"modified":"2024-08-12T15:21:07","modified_gmt":"2024-08-12T13:21:07","slug":"pergolas-de-jardin-bioclimatiques-au-tessin","status":"publish","type":"page","link":"https:\/\/coverproject.ch\/fr\/pergolas-de-jardin-bioclimatiques-au-tessin\/","title":{"rendered":"Pergolas de jardin bioclimatiques au Tessin"},"content":{"rendered":"\t\t<div data-elementor-type=\"wp-page\" data-elementor-id=\"36553\" class=\"elementor elementor-36553 elementor-29709\" data-elementor-post-type=\"page\">\n\t\t\t\t\t\t<section class=\"elementor-section elementor-top-section elementor-element elementor-element-6894a498 elementor-section-boxed elementor-section-height-default elementor-section-height-default\" data-id=\"6894a498\" data-element_type=\"section\" data-e-type=\"section\">\n\t\t\t\t\t\t<div class=\"elementor-container elementor-column-gap-default\">\n\t\t\t\t\t<div class=\"elementor-column elementor-col-50 elementor-top-column elementor-element elementor-element-14b2ae6a\" data-id=\"14b2ae6a\" data-element_type=\"column\" data-e-type=\"column\">\n\t\t\t<div class=\"elementor-widget-wrap elementor-element-populated\">\n\t\t\t\t\t\t<div class=\"elementor-element elementor-element-b8d3515 elementor-widget elementor-widget-image\" data-id=\"b8d3515\" data-element_type=\"widget\" data-e-type=\"widget\" data-widget_type=\"image.default\">\n\t\t\t\t<div class=\"elementor-widget-container\">\n\t\t\t\t\t\t\t\t\t\t\t\t\t\t\t<img fetchpriority=\"high\" decoding=\"async\" width=\"1600\" height=\"1000\" src=\"https:\/\/coverproject.ch\/wp-content\/uploads\/pergole-bioclimatiche.webp\" class=\"attachment-large size-large wp-image-36260\" alt=\"\" srcset=\"https:\/\/coverproject.ch\/wp-content\/uploads\/pergole-bioclimatiche.webp 1600w, https:\/\/coverproject.ch\/wp-content\/uploads\/pergole-bioclimatiche-768x480.webp 768w, https:\/\/coverproject.ch\/wp-content\/uploads\/pergole-bioclimatiche-1536x960.webp 1536w\" sizes=\"(max-width: 1600px) 100vw, 1600px\" \/>\t\t\t\t\t\t\t\t\t\t\t\t\t\t\t<\/div>\n\t\t\t\t<\/div>\n\t\t\t\t<div class=\"elementor-element elementor-element-1652675 elementor-widget elementor-widget-heading\" data-id=\"1652675\" data-element_type=\"widget\" data-e-type=\"widget\" data-widget_type=\"heading.default\">\n\t\t\t\t<div class=\"elementor-widget-container\">\n\t\t\t\t\t<h1 class=\"elementor-heading-title elementor-size-default\">PERGOLAS DE JARDIN BIOCLIMATIQUES AU TESSIN  <span style=\"font-size: 2.1111111111111rem;font-weight: 800;text-transform: inherit\"><\/span><\/h1>\t\t\t\t<\/div>\n\t\t\t\t<\/div>\n\t\t\t\t<div class=\"elementor-element elementor-element-3be2692 elementor-widget elementor-widget-text-editor\" data-id=\"3be2692\" data-element_type=\"widget\" data-e-type=\"widget\" data-widget_type=\"text-editor.default\">\n\t\t\t\t<div class=\"elementor-widget-container\">\n\t\t\t\t\t\t\t\t\t<p>Faites l\u2019exp\u00e9rience du <strong>plein air toute l\u2019ann\u00e9e<\/strong>.<br \/>\nDisponibles dans toute la Suisse, notamment dans le canton du Tessin, les <strong>pergolas de jardin bioclimatiques Cover Project<\/strong> sont la solution id\u00e9ale.<span style=\"font-size: 18px; font-style: normal; font-weight: 300;\"> <\/span><br \/>\nPour en savoir plus.  <\/p>\n\t\t\t\t\t\t\t\t<\/div>\n\t\t\t\t<\/div>\n\t\t\t\t<section class=\"elementor-section elementor-inner-section elementor-element elementor-element-40d085ea elementor-section-boxed elementor-section-height-default elementor-section-height-default\" data-id=\"40d085ea\" data-element_type=\"section\" data-e-type=\"section\">\n\t\t\t\t\t\t<div class=\"elementor-container elementor-column-gap-default\">\n\t\t\t\t\t<div class=\"elementor-column elementor-col-100 elementor-inner-column elementor-element elementor-element-48b019cc\" data-id=\"48b019cc\" data-element_type=\"column\" data-e-type=\"column\">\n\t\t\t<div class=\"elementor-widget-wrap elementor-element-populated\">\n\t\t\t\t\t\t<div class=\"elementor-element elementor-element-2a4843fd elementor-widget elementor-widget-heading\" data-id=\"2a4843fd\" data-element_type=\"widget\" data-e-type=\"widget\" data-widget_type=\"heading.default\">\n\t\t\t\t<div class=\"elementor-widget-container\">\n\t\t\t\t\t<h2 class=\"elementor-heading-title elementor-size-default\">PERGOLAS DE JARDIN BIOCLIMATIQUES<\/h2>\t\t\t\t<\/div>\n\t\t\t\t<\/div>\n\t\t\t\t<div class=\"elementor-element elementor-element-4f37aa7b elementor-widget elementor-widget-text-editor\" data-id=\"4f37aa7b\" data-element_type=\"widget\" data-e-type=\"widget\" data-widget_type=\"text-editor.default\">\n\t\t\t\t<div class=\"elementor-widget-container\">\n\t\t\t\t\t\t\t\t\t<p>Avez-vous d\u00e9j\u00e0 pens\u00e9 que vous pourriez <strong>profiter pleinement des bienfaits de votre jardin<\/strong> tout au long de l\u2019ann\u00e9e ?<br \/>\nGr\u00e2ce \u00e0 Cover <span style=\"font-size: 18px; font-style: normal; font-weight: 300;\">Project<\/span> et \u00e0 nos <strong>pergolas de jardin bioclimatiques<\/strong> , vous pourrez d\u00e9sormais !<br \/>\nLa r\u00e9gion de Lugano et en particulier le canton du Tessin avec ses paysages \u00e0 couper le souffle offrent une opportunit\u00e9 unique et \u00e0 ne pas manquer : celle de <strong>profiter pleinement de la nature et des espaces ext\u00e9rieurs<\/strong>.<br \/>\nLisez la suite pour en savoir plus&#8230;   <\/p>\n\t\t\t\t\t\t\t\t<\/div>\n\t\t\t\t<\/div>\n\t\t\t\t<div class=\"elementor-element elementor-element-1ea042a0 elementor-widget elementor-widget-heading\" data-id=\"1ea042a0\" data-element_type=\"widget\" data-e-type=\"widget\" data-widget_type=\"heading.default\">\n\t\t\t\t<div class=\"elementor-widget-container\">\n\t\t\t\t\t<h2 class=\"elementor-heading-title elementor-size-default\">QU\u2019EST-CE QU\u2019UNE PERGOLAS DE JARDIN BIOCLIMATIQUE ?<\/h2>\t\t\t\t<\/div>\n\t\t\t\t<\/div>\n\t\t\t\t<div class=\"elementor-element elementor-element-346a0431 elementor-widget elementor-widget-text-editor\" data-id=\"346a0431\" data-element_type=\"widget\" data-e-type=\"widget\" data-widget_type=\"text-editor.default\">\n\t\t\t\t<div class=\"elementor-widget-container\">\n\t\t\t\t\t\t\t\t\t<p><strong>Les pergolas de jardin bioclimatiques<\/strong> sont des cr\u00e9ations sp\u00e9ciales, caract\u00e9ris\u00e9es par la pr\u00e9sence de lames orientables plac\u00e9es sur le toit de la pergola.<br \/>\nGr\u00e2ce \u00e0 la possibilit\u00e9 de tourner avec commande manuelle ou automatis\u00e9e, les lames permettent le passage ou non des rayons du soleil, <strong>r\u00e9gulant ainsi la temp\u00e9rature de l\u2019espace en dessous de mani\u00e8re tout \u00e0 fait naturelle<\/strong> ! De m\u00eame, lors de situations de mauvais temps, la fermeture des lames permet une protection efficace de la zone couverte <\/p>\n\t\t\t\t\t\t\t\t<\/div>\n\t\t\t\t<\/div>\n\t\t\t\t<div class=\"elementor-element elementor-element-74ac3af2 elementor-widget elementor-widget-heading\" data-id=\"74ac3af2\" data-element_type=\"widget\" data-e-type=\"widget\" data-widget_type=\"heading.default\">\n\t\t\t\t<div class=\"elementor-widget-container\">\n\t\t\t\t\t<h2 class=\"elementor-heading-title elementor-size-default\">POURQUOI CHOISIR UNE PERGOLA DE JARDIN BIOCLIMATIQUE<\/h2>\t\t\t\t<\/div>\n\t\t\t\t<\/div>\n\t\t\t\t<div class=\"elementor-element elementor-element-1a88188f elementor-widget elementor-widget-text-editor\" data-id=\"1a88188f\" data-element_type=\"widget\" data-e-type=\"widget\" data-widget_type=\"text-editor.default\">\n\t\t\t\t<div class=\"elementor-widget-container\">\n\t\t\t\t\t\t\t\t\t<p>Pourquoi renoncer aux plaisirs des espaces en plein air ?<br \/>\nAvec <strong>les pergolas de jardin bioclimatiques<\/strong> , vous pouvez profiter de votre jardin en toute tranquillit\u00e9, m\u00eame les jours les plus chauds ou lorsque le temps n\u2019est pas le meilleur.<br \/>\nReprenez votre espace et profitez <strong>de 100% d\u00e9tente dans votre espace vert<\/strong> ! Si vous avez une entreprise, gr\u00e2ce \u00e0 un gazebo de jardin, vous pouvez offrir \u00e0 vos clients une exp\u00e9rience unique qui peut \u00eatre modul\u00e9e en fonction de leurs besoins  <\/p>\n\t\t\t\t\t\t\t\t<\/div>\n\t\t\t\t<\/div>\n\t\t\t\t<div class=\"elementor-element elementor-element-1112893 elementor-widget elementor-widget-heading\" data-id=\"1112893\" data-element_type=\"widget\" data-e-type=\"widget\" data-widget_type=\"heading.default\">\n\t\t\t\t<div class=\"elementor-widget-container\">\n\t\t\t\t\t<h2 class=\"elementor-heading-title elementor-size-default\">LES SP\u00c9CIALISTES DES PERGOLAS DE JARDIN BIOCLIMATIQUES<\/h2>\t\t\t\t<\/div>\n\t\t\t\t<\/div>\n\t\t\t\t<div class=\"elementor-element elementor-element-56a02722 elementor-widget elementor-widget-text-editor\" data-id=\"56a02722\" data-element_type=\"widget\" data-e-type=\"widget\" data-widget_type=\"text-editor.default\">\n\t\t\t\t<div class=\"elementor-widget-container\">\n\t\t\t\t\t\t\t\t\t<p>Comptez sur nous et <strong>embellissez votre jardin<\/strong>, depuis plus de 20 ans nous donnons une nouvelle vie aux espaces ext\u00e9rieurs avec nos pergolas. <strong>Nos cr\u00e9ations sont modulaires, con\u00e7ues et construites selon vos besoins<\/strong>.<br \/>\nNous sommes actifs et op\u00e9rons principalement \u00e0 Lugano, dans le canton du Tessin, mais nous vous parvenons sans probl\u00e8me dans toute la Suisse. <strong>Choisissez une pergola de jardin bioclimatique qui pourra mettre en valeur votre espace tout au long de l\u2019ann\u00e9e<\/strong>, choisissez une pergola capable de susciter l\u2019envie et l\u2019admiration de vos voisins ou de vos concurrents, choisissez une pergola bioclimatique de qualit\u00e9, choisissez Cover &nbsp;<span style=\"font-size: 18px; font-style: normal; font-weight: 300;\">Projet<\/span>&nbsp;!<\/p>\n\t\t\t\t\t\t\t\t<\/div>\n\t\t\t\t<\/div>\n\t\t\t\t<div class=\"elementor-element elementor-element-f47c49b elementor-widget elementor-widget-heading\" data-id=\"f47c49b\" data-element_type=\"widget\" data-e-type=\"widget\" data-widget_type=\"heading.default\">\n\t\t\t\t<div class=\"elementor-widget-container\">\n\t\t\t\t\t<h2 class=\"elementor-heading-title elementor-size-default\">PERGOLAS DE JARDIN BIOCLIMATIQUES DISPONIBLES DANS DE NOMBREUX COLORIS<\/h2>\t\t\t\t<\/div>\n\t\t\t\t<\/div>\n\t\t\t\t<div class=\"elementor-element elementor-element-607b826 elementor-widget elementor-widget-text-editor\" data-id=\"607b826\" data-element_type=\"widget\" data-e-type=\"widget\" data-widget_type=\"text-editor.default\">\n\t\t\t\t<div class=\"elementor-widget-container\">\n\t\t\t\t\t\t\t\t\t<p>Nous vous proposons un <strong>large choix de couleurs et de finitions<\/strong>, afin de satisfaire tous les go\u00fbts.<br \/>\nQu\u2019il s\u2019agisse d\u2019une <strong>structure unicolore ou bicolore ou caract\u00e9ris\u00e9e par un m\u00e9lange d\u2019ambiance moderne<\/strong>, votre pergola autoportante pourra certainement s\u2019int\u00e9grer parfaitement \u00e0 l\u2019environnement environnant. <\/p>\n\t\t\t\t\t\t\t\t<\/div>\n\t\t\t\t<\/div>\n\t\t\t\t<div class=\"elementor-element elementor-element-4e3f975 elementor-widget elementor-widget-heading\" data-id=\"4e3f975\" data-element_type=\"widget\" data-e-type=\"widget\" data-widget_type=\"heading.default\">\n\t\t\t\t<div class=\"elementor-widget-container\">\n\t\t\t\t\t<h2 class=\"elementor-heading-title elementor-size-default\">PERGOLAS DE JARDIN BIOCLIMATIQUES DISPONIBLES DANS DE NOMBREUX COLORIS<\/h2>\t\t\t\t<\/div>\n\t\t\t\t<\/div>\n\t\t\t\t<div class=\"elementor-element elementor-element-4b0c439 elementor-widget elementor-widget-text-editor\" data-id=\"4b0c439\" data-element_type=\"widget\" data-e-type=\"widget\" data-widget_type=\"text-editor.default\">\n\t\t\t\t<div class=\"elementor-widget-container\">\n\t\t\t\t\t\t\t\t\t<ul>\n \t<li>Afin d\u2019avoir une <strong>pergola de qualit\u00e9<\/strong>, technologiquement sup\u00e9rieure aux constructions pr\u00e9fabriqu\u00e9es, il est toujours conseill\u00e9 <strong>de contacter des experts du domaine<\/strong> sp\u00e9cialis\u00e9s dans la construction de couvertures ext\u00e9rieures.<\/li>\n \t<li><strong>Mat\u00e9riaux de meilleure qualit\u00e9, moins de charge d\u2019entretien au fil du temps<\/strong>.\nC\u2019est pourquoi, m\u00eame face \u00e0 une petite d\u00e9pense suppl\u00e9mentaire, il est toujours conseill\u00e9 de se concentrer sur des mat\u00e9riaux \u00e0 haute r\u00e9sistance \u00e0 l\u2019usure impos\u00e9e par les agents atmosph\u00e9riques. <\/li>\n \t<li>Chaque pergola de jardin bioclimatique doit \u00eatre con\u00e7ue et <strong>construite sp\u00e9cifiquement pour l\u2019environnement et le contexte dans lesquels elle doit \u00eatre ins\u00e9r\u00e9e<\/strong>.\nIl est donc pr\u00e9f\u00e9rable de personnaliser le projet dans les moindres d\u00e9tails. <\/li>\n \t<li>Si la surface \u00e0 couvrir est vaste, il est pr\u00e9f\u00e9rable d\u2019opter pour une solution unique, peut-\u00eatre <strong>caract\u00e9ris\u00e9e par des fermetures amovibles<\/strong> afin de faciliter le d\u00e9placement d\u2019une pi\u00e8ce \u00e0 l\u2019autre.<\/li>\n \t<li>Pour \u00e9viter de perdre du temps et de l\u2019argent,<strong> il est toujours bon de confier les travaux \u00e0 des techniciens qualifi\u00e9s<\/strong> capables d\u2019apporter les modifications de conception appropri\u00e9es m\u00eame pendant la construction.\t\t\t\t\t\t\t\t<\/div>\n\t\t\t\t<\/div>\n\t\t\t\t\t<\/div>\n\t\t<\/div>\n\t\t\t\t\t<\/div>\n\t\t<\/section>\n\t\t\t\t\t<\/div>\n\t\t<\/div>\n\t\t\t\t<div class=\"elementor-column elementor-col-50 elementor-top-column elementor-element elementor-element-afed1d6\" data-id=\"afed1d6\" data-element_type=\"column\" data-e-type=\"column\">\n\t\t\t<div class=\"elementor-widget-wrap elementor-element-populated\">\n\t\t\t\t\t\t<div class=\"elementor-element elementor-element-e2b9fc1 elementor-widget elementor-widget-template\" data-id=\"e2b9fc1\" data-element_type=\"widget\" data-e-type=\"widget\" data-settings=\"{&quot;motion_fx_motion_fx_scrolling&quot;:&quot;yes&quot;,&quot;sticky&quot;:&quot;top&quot;,&quot;sticky_parent&quot;:&quot;yes&quot;,&quot;motion_fx_devices&quot;:[&quot;desktop&quot;,&quot;tablet&quot;,&quot;mobile&quot;],&quot;sticky_on&quot;:[&quot;desktop&quot;,&quot;tablet&quot;,&quot;mobile&quot;],&quot;sticky_offset&quot;:0,&quot;sticky_effects_offset&quot;:0,&quot;sticky_anchor_link_offset&quot;:0}\" data-widget_type=\"template.default\">\n\t\t\t\t<div class=\"elementor-widget-container\">\n\t\t\t\t\t\t\t<div class=\"elementor-template\">\n\t\t\t\t\t<div data-elementor-type=\"archive\" data-elementor-id=\"36447\" class=\"elementor elementor-36447 elementor-34615\" data-elementor-post-type=\"elementor_library\">\n\t\t\t\t\t<section class=\"elementor-section elementor-top-section elementor-element elementor-element-f5256dd elementor-section-boxed elementor-section-height-default elementor-section-height-default\" data-id=\"f5256dd\" data-element_type=\"section\" data-e-type=\"section\" data-settings=\"{&quot;background_background&quot;:&quot;classic&quot;}\">\n\t\t\t\t\t\t<div class=\"elementor-container elementor-column-gap-default\">\n\t\t\t\t\t<div class=\"elementor-column elementor-col-100 elementor-top-column elementor-element elementor-element-de3cf11\" data-id=\"de3cf11\" data-element_type=\"column\" data-e-type=\"column\" data-settings=\"{&quot;background_background&quot;:&quot;classic&quot;}\">\n\t\t\t<div class=\"elementor-widget-wrap elementor-element-populated\">\n\t\t\t\t\t\t<div class=\"elementor-element elementor-element-5068b41 elementor-widget elementor-widget-heading\" data-id=\"5068b41\" data-element_type=\"widget\" data-e-type=\"widget\" data-widget_type=\"heading.default\">\n\t\t\t\t<div class=\"elementor-widget-container\">\n\t\t\t\t\t<h2 class=\"elementor-heading-title elementor-size-default\"><a href=\"#elementor-action%3Aaction%3Dpopup%3Aopen%26settings%3DeyJpZCI6MzY0NDMsInRvZ2dsZSI6ZmFsc2V9\">TOUS NOS ARTICLES<\/a><\/h2>\t\t\t\t<\/div>\n\t\t\t\t<\/div>\n\t\t\t\t\t<\/div>\n\t\t<\/div>\n\t\t\t\t\t<\/div>\n\t\t<\/section>\n\t\t\t\t<section class=\"elementor-section elementor-top-section elementor-element elementor-element-e72263c elementor-section-boxed elementor-section-height-default elementor-section-height-default\" data-id=\"e72263c\" data-element_type=\"section\" data-e-type=\"section\">\n\t\t\t\t\t\t<div class=\"elementor-container elementor-column-gap-default\">\n\t\t\t\t\t<div class=\"elementor-column elementor-col-100 elementor-top-column elementor-element elementor-element-d75c150\" data-id=\"d75c150\" data-element_type=\"column\" data-e-type=\"column\" data-settings=\"{&quot;background_background&quot;:&quot;classic&quot;}\">\n\t\t\t<div class=\"elementor-widget-wrap elementor-element-populated\">\n\t\t\t\t\t\t<div class=\"elementor-element elementor-element-e0c7537 elementor-widget elementor-widget-heading\" data-id=\"e0c7537\" data-element_type=\"widget\" data-e-type=\"widget\" data-widget_type=\"heading.default\">\n\t\t\t\t<div class=\"elementor-widget-container\">\n\t\t\t\t\t<h2 class=\"elementor-heading-title elementor-size-default\">CONSULTATION INITIALE ET DEVIS GRATUITS<\/h2>\t\t\t\t<\/div>\n\t\t\t\t<\/div>\n\t\t\t\t<div class=\"elementor-element elementor-element-a84464a elementor-widget elementor-widget-text-editor\" data-id=\"a84464a\" data-element_type=\"widget\" data-e-type=\"widget\" data-widget_type=\"text-editor.default\">\n\t\t\t\t<div class=\"elementor-widget-container\">\n\t\t\t\t\t\t\t\t\t<p>Contactez-nous pour un sondage gratuit et recevez votre proposition de projet personnalis\u00e9e<\/p>\n\t\t\t\t\t\t\t\t<\/div>\n\t\t\t\t<\/div>\n\t\t\t\t<div class=\"elementor-element elementor-element-82f7bab elementor-button-align-stretch elementor-widget elementor-widget-form\" data-id=\"82f7bab\" data-element_type=\"widget\" data-e-type=\"widget\" data-settings=\"{&quot;step_next_label&quot;:&quot;Prochain&quot;,&quot;step_previous_label&quot;:&quot;Pr\\u00e9c\\u00e9dent&quot;,&quot;button_width&quot;:&quot;100&quot;,&quot;step_type&quot;:&quot;number_text&quot;,&quot;step_icon_shape&quot;:&quot;circle&quot;}\" data-widget_type=\"form.default\">\n\t\t\t\t<div class=\"elementor-widget-container\">\n\t\t\t\t\t\t\t<form class=\"elementor-form\" method=\"post\" name=\"Formulaire de contact\" aria-label=\"Formulaire de contact\">\n\t\t\t<input type=\"hidden\" name=\"post_id\" value=\"36447\"\/>\n\t\t\t<input type=\"hidden\" name=\"form_id\" value=\"82f7bab\"\/>\n\t\t\t<input type=\"hidden\" name=\"referer_title\" value=\"Ombrage - COVER PROJECT\" \/>\n\n\t\t\t\t\t\t\t<input type=\"hidden\" name=\"queried_id\" value=\"36519\"\/>\n\t\t\t\n\t\t\t<div class=\"elementor-form-fields-wrapper elementor-labels-\">\n\t\t\t\t\t\t\t\t<div class=\"elementor-field-type-text elementor-field-group elementor-column elementor-field-group-name elementor-col-100 elementor-field-required\">\n\t\t\t\t\t\t\t\t\t\t\t\t<label for=\"form-field-name\" class=\"elementor-field-label elementor-screen-only\">\n\t\t\t\t\t\t\t\tNom\t\t\t\t\t\t\t<\/label>\n\t\t\t\t\t\t\t\t\t\t\t\t\t\t<input size=\"1\" type=\"text\" name=\"form_fields[name]\" id=\"form-field-name\" class=\"elementor-field elementor-size-sm  elementor-field-textual\" placeholder=\"Nom\" required=\"required\">\n\t\t\t\t\t\t\t\t\t\t\t<\/div>\n\t\t\t\t\t\t\t\t<div class=\"elementor-field-type-email elementor-field-group elementor-column elementor-field-group-email elementor-col-100 elementor-field-required\">\n\t\t\t\t\t\t\t\t\t\t\t\t<label for=\"form-field-email\" class=\"elementor-field-label elementor-screen-only\">\n\t\t\t\t\t\t\t\tMessagerie \u00e9lectronique\t\t\t\t\t\t\t<\/label>\n\t\t\t\t\t\t\t\t\t\t\t\t\t\t<input size=\"1\" type=\"email\" name=\"form_fields[email]\" id=\"form-field-email\" class=\"elementor-field elementor-size-sm  elementor-field-textual\" placeholder=\"Messagerie \u00e9lectronique\" required=\"required\">\n\t\t\t\t\t\t\t\t\t\t\t<\/div>\n\t\t\t\t\t\t\t\t<div class=\"elementor-field-type-text elementor-field-group elementor-column elementor-field-group-telefono elementor-col-100 elementor-field-required\">\n\t\t\t\t\t\t\t\t\t\t\t\t<label for=\"form-field-telefono\" class=\"elementor-field-label elementor-screen-only\">\n\t\t\t\t\t\t\t\tT\u00e9l\u00e9phone\t\t\t\t\t\t\t<\/label>\n\t\t\t\t\t\t\t\t\t\t\t\t\t\t<input size=\"1\" type=\"text\" name=\"form_fields[telefono]\" id=\"form-field-telefono\" class=\"elementor-field elementor-size-sm  elementor-field-textual\" placeholder=\"T\u00e9l\u00e9phone\" required=\"required\">\n\t\t\t\t\t\t\t\t\t\t\t<\/div>\n\t\t\t\t\t\t\t\t<div class=\"elementor-field-type-textarea elementor-field-group elementor-column elementor-field-group-field_45f7e58 elementor-col-100 elementor-field-required\">\n\t\t\t\t\t\t\t\t\t\t\t\t<label for=\"form-field-field_45f7e58\" class=\"elementor-field-label elementor-screen-only\">\n\t\t\t\t\t\t\t\tMessage\t\t\t\t\t\t\t<\/label>\n\t\t\t\t\t\t<textarea class=\"elementor-field-textual elementor-field  elementor-size-sm\" name=\"form_fields[field_45f7e58]\" id=\"form-field-field_45f7e58\" rows=\"2\" placeholder=\"Message\" required=\"required\"><\/textarea>\t\t\t\t<\/div>\n\t\t\t\t\t\t\t\t<div class=\"elementor-field-group elementor-column elementor-field-type-submit elementor-col-100 e-form__buttons\">\n\t\t\t\t\t<button class=\"elementor-button elementor-size-sm\" type=\"submit\">\n\t\t\t\t\t\t<span class=\"elementor-button-content-wrapper\">\n\t\t\t\t\t\t\t\t\t\t\t\t\t\t\t\t\t\t\t\t\t\t<span class=\"elementor-button-text\">DEMANDER UN CONSEIL<\/span>\n\t\t\t\t\t\t\t\t\t\t\t\t\t<\/span>\n\t\t\t\t\t<\/button>\n\t\t\t\t<\/div>\n\t\t\t<\/div>\n\t\t<\/form>\n\t\t\t\t\t\t<\/div>\n\t\t\t\t<\/div>\n\t\t\t\t\t<\/div>\n\t\t<\/div>\n\t\t\t\t\t<\/div>\n\t\t<\/section>\n\t\t\t\t<\/div>\n\t\t\t\t<\/div>\n\t\t\t\t\t\t<\/div>\n\t\t\t\t<\/div>\n\t\t\t\t\t<\/div>\n\t\t<\/div>\n\t\t\t\t\t<\/div>\n\t\t<\/section>\n\t\t\t\t<section class=\"elementor-section elementor-top-section elementor-element elementor-element-0c0ca49 elementor-section-full_width elementor-section-stretched elementor-section-height-default elementor-section-height-default\" data-id=\"0c0ca49\" data-element_type=\"section\" data-e-type=\"section\" data-settings=\"{&quot;stretch_section&quot;:&quot;section-stretched&quot;}\">\n\t\t\t\t\t\t<div class=\"elementor-container elementor-column-gap-default\">\n\t\t\t\t\t<div class=\"elementor-column elementor-col-100 elementor-top-column elementor-element elementor-element-eaaead2\" data-id=\"eaaead2\" data-element_type=\"column\" data-e-type=\"column\">\n\t\t\t<div class=\"elementor-widget-wrap elementor-element-populated\">\n\t\t\t\t\t\t\t<\/div>\n\t\t<\/div>\n\t\t\t\t\t<\/div>\n\t\t<\/section>\n\t\t\t\t<\/div>\n\t\t","protected":false},"excerpt":{"rendered":"<p>PERGOLAS DE JARDIN BIOCLIMATIQUES AU TESSIN Faites l\u2019exp\u00e9rience du plein air toute l\u2019ann\u00e9e. Disponibles dans toute la Suisse, notamment dans le canton du Tessin, les pergolas de jardin bioclimatiques Cover Project sont la solution id\u00e9ale. Pour en savoir plus. PERGOLAS DE JARDIN BIOCLIMATIQUES Avez-vous d\u00e9j\u00e0 pens\u00e9 que vous pourriez profiter pleinement des bienfaits de votre [&hellip;]<\/p>\n","protected":false},"author":6,"featured_media":0,"parent":0,"menu_order":0,"comment_status":"closed","ping_status":"closed","template":"","meta":{"footnotes":""},"class_list":["post-36553","page","type-page","status-publish","hentry"],"_links":{"self":[{"href":"https:\/\/coverproject.ch\/fr\/wp-json\/wp\/v2\/pages\/36553","targetHints":{"allow":["GET"]}}],"collection":[{"href":"https:\/\/coverproject.ch\/fr\/wp-json\/wp\/v2\/pages"}],"about":[{"href":"https:\/\/coverproject.ch\/fr\/wp-json\/wp\/v2\/types\/page"}],"author":[{"embeddable":true,"href":"https:\/\/coverproject.ch\/fr\/wp-json\/wp\/v2\/users\/6"}],"replies":[{"embeddable":true,"href":"https:\/\/coverproject.ch\/fr\/wp-json\/wp\/v2\/comments?post=36553"}],"version-history":[{"count":0,"href":"https:\/\/coverproject.ch\/fr\/wp-json\/wp\/v2\/pages\/36553\/revisions"}],"wp:attachment":[{"href":"https:\/\/coverproject.ch\/fr\/wp-json\/wp\/v2\/media?parent=36553"}],"curies":[{"name":"wp","href":"https:\/\/api.w.org\/{rel}","templated":true}]}}