{"id":36551,"date":"2024-08-12T15:18:43","date_gmt":"2024-08-12T13:18:43","guid":{"rendered":"https:\/\/coverproject.ch\/modeles-de-pergola-a-lames-orientables\/"},"modified":"2024-10-03T10:37:00","modified_gmt":"2024-10-03T08:37:00","slug":"modeles-de-pergola-a-lames-orientables","status":"publish","type":"page","link":"https:\/\/coverproject.ch\/fr\/modeles-de-pergola-a-lames-orientables\/","title":{"rendered":"Mod\u00e8les de pergola \u00e0 lames orientables"},"content":{"rendered":"\t\t<div data-elementor-type=\"wp-page\" data-elementor-id=\"36551\" class=\"elementor elementor-36551 elementor-32674\" data-elementor-post-type=\"page\">\n\t\t\t\t\t\t<section class=\"elementor-section elementor-top-section elementor-element elementor-element-fc7ed39 elementor-section-boxed elementor-section-height-default elementor-section-height-default\" data-id=\"fc7ed39\" data-element_type=\"section\" data-e-type=\"section\">\n\t\t\t\t\t\t<div class=\"elementor-container elementor-column-gap-default\">\n\t\t\t\t\t<div class=\"elementor-column elementor-col-50 elementor-top-column elementor-element elementor-element-9094ab6\" data-id=\"9094ab6\" data-element_type=\"column\" data-e-type=\"column\">\n\t\t\t<div class=\"elementor-widget-wrap elementor-element-populated\">\n\t\t\t\t\t\t<div class=\"elementor-element elementor-element-0bfeff1 elementor-widget elementor-widget-heading\" data-id=\"0bfeff1\" data-element_type=\"widget\" data-e-type=\"widget\" data-widget_type=\"heading.default\">\n\t\t\t\t<div class=\"elementor-widget-container\">\n\t\t\t\t\t<h1 class=\"elementor-heading-title elementor-size-default\">MOD\u00c8LES PERGOLA \u00c0 LAMES ORIENTABLES<\/h1>\t\t\t\t<\/div>\n\t\t\t\t<\/div>\n\t\t\t\t<div class=\"elementor-element elementor-element-5785596 elementor-widget elementor-widget-text-editor\" data-id=\"5785596\" data-element_type=\"widget\" data-e-type=\"widget\" data-widget_type=\"text-editor.default\">\n\t\t\t\t<div class=\"elementor-widget-container\">\n\t\t\t\t\t\t\t\t\t<p>Les pergolas bioclimatiques Cover <span style=\"font-size: 18px; font-style: normal; font-weight: 300;\">Project <\/span>agrandissent votre espace en rendant les environnements en plein air habitables toute l\u2019ann\u00e9e.<br \/>\nD\u00e9couvrons ensemble le large choix de mod\u00e8les de pergolas bioclimatiques que nous mettons \u00e0 votre disposition : <\/p>\n\t\t\t\t\t\t\t\t<\/div>\n\t\t\t\t<\/div>\n\t\t\t\t<div class=\"elementor-element elementor-element-f2a281e elementor-widget elementor-widget-heading\" data-id=\"f2a281e\" data-element_type=\"widget\" data-e-type=\"widget\" data-widget_type=\"heading.default\">\n\t\t\t\t<div class=\"elementor-widget-container\">\n\t\t\t\t\t<h2 class=\"elementor-heading-title elementor-size-default\">PROJET DE COUVERTURE DE PERGOLAS \u00c0 LATTES R\u00c9GLABLES<\/h2>\t\t\t\t<\/div>\n\t\t\t\t<\/div>\n\t\t\t\t<div class=\"elementor-element elementor-element-5eed5ee elementor-widget elementor-widget-heading\" data-id=\"5eed5ee\" data-element_type=\"widget\" data-e-type=\"widget\" data-widget_type=\"heading.default\">\n\t\t\t\t<div class=\"elementor-widget-container\">\n\t\t\t\t\t<h3 class=\"elementor-heading-title elementor-size-default\">Nom du mod\u00e8le<\/h3>\t\t\t\t<\/div>\n\t\t\t\t<\/div>\n\t\t\t\t<div class=\"elementor-element elementor-element-c0aa16b elementor-widget elementor-widget-text-editor\" data-id=\"c0aa16b\" data-element_type=\"widget\" data-e-type=\"widget\" data-widget_type=\"text-editor.default\">\n\t\t\t\t<div class=\"elementor-widget-container\">\n\t\t\t\t\t\t\t\t\t<p>Structure d\u2019ombrage en aluminium avec <strong>toit \u00e0 lames orientables<\/strong> compos\u00e9 d\u2019un profil de goutti\u00e8re p\u00e9rim\u00e9trique qui permet la rotation des lames et le drainage de l\u2019eau.<br \/>\nLe mouvement s\u2019effectue gr\u00e2ce \u00e0 l\u2019utilisation de moteurs lin\u00e9aires.<br \/>Disponible dans la variante CL 120 A &#8211; pergola autoportante \u00e0 4 m\u00e2ts &#8211; et CL 120 T &#8211; solution murale pour optimiser l\u2019espace. <\/p>\n<p>Avec <strong>des lignes \u00e9lanc\u00e9es et peu encombrantes<\/strong>, le CL 120 pr\u00e9sente une gamme infinie de possibilit\u00e9s de conception, tout en assurant un <strong>impact<\/strong> esth\u00e9tique et visuel <strong>minimal<\/strong> gr\u00e2ce au m\u00e2t de seulement 12x12cm.<br \/>\nDisponible dans les configurations suivantes : autoportant, mural, en forme de T. <\/p>\n\t\t\t\t\t\t\t\t<\/div>\n\t\t\t\t<\/div>\n\t\t\t\t<div class=\"elementor-element elementor-element-24db920 elementor-widget elementor-widget-image\" data-id=\"24db920\" data-element_type=\"widget\" data-e-type=\"widget\" data-widget_type=\"image.default\">\n\t\t\t\t<div class=\"elementor-widget-container\">\n\t\t\t\t\t\t\t\t\t\t\t\t\t\t\t<img fetchpriority=\"high\" decoding=\"async\" width=\"1920\" height=\"1080\" src=\"https:\/\/coverproject.ch\/wp-content\/uploads\/pergole-bioclimatiche-CL120.webp\" class=\"attachment-large size-large wp-image-36272\" alt=\"\" srcset=\"https:\/\/coverproject.ch\/wp-content\/uploads\/pergole-bioclimatiche-CL120.webp 1920w, https:\/\/coverproject.ch\/wp-content\/uploads\/pergole-bioclimatiche-CL120-768x432.webp 768w, https:\/\/coverproject.ch\/wp-content\/uploads\/pergole-bioclimatiche-CL120-1536x864.webp 1536w\" sizes=\"(max-width: 1920px) 100vw, 1920px\" \/>\t\t\t\t\t\t\t\t\t\t\t\t\t\t\t<\/div>\n\t\t\t\t<\/div>\n\t\t\t\t<div class=\"elementor-element elementor-element-91b963d elementor-widget elementor-widget-heading\" data-id=\"91b963d\" data-element_type=\"widget\" data-e-type=\"widget\" data-widget_type=\"heading.default\">\n\t\t\t\t<div class=\"elementor-widget-container\">\n\t\t\t\t\t<h3 class=\"elementor-heading-title elementor-size-default\">Nom du mod\u00e8le<\/h3>\t\t\t\t<\/div>\n\t\t\t\t<\/div>\n\t\t\t\t<div class=\"elementor-element elementor-element-35ea9e7 elementor-widget elementor-widget-text-editor\" data-id=\"35ea9e7\" data-element_type=\"widget\" data-e-type=\"widget\" data-widget_type=\"text-editor.default\">\n\t\t\t\t<div class=\"elementor-widget-container\">\n\t\t\t\t\t\t\t\t\t<p>Flexibilit\u00e9 maximale des solutions et modularit\u00e9.<br \/>\nLes lignes fines et discr\u00e8tes s\u2019adaptent parfaitement aux petits environnements et aux espaces tels que <strong>les terrasses et les petits jardins<\/strong>. <\/p>\n<p>Il enferme la technologie bioclimatique dans une structure lin\u00e9aire aux dimensions limit\u00e9es, cach\u00e9e dans un cadre p\u00e9rim\u00e9trique de seulement 25 cm et un poteau de 130 cm.<br \/>\n\u00c9galement disponible dans les variantes autoportantes et murales. <\/p>\n<p>Les <strong>lames<\/strong> peuvent \u00eatre <strong>pivot\u00e9es<\/strong> de 0\u00b0 \u00e0 120\u00b0 et, lorsqu\u2019elles sont ferm\u00e9es, elles offrent une protection contre la pluie et les intemp\u00e9ries.<\/p>\n\t\t\t\t\t\t\t\t<\/div>\n\t\t\t\t<\/div>\n\t\t\t\t<div class=\"elementor-element elementor-element-0bd74dc elementor-widget elementor-widget-image\" data-id=\"0bd74dc\" data-element_type=\"widget\" data-e-type=\"widget\" data-widget_type=\"image.default\">\n\t\t\t\t<div class=\"elementor-widget-container\">\n\t\t\t\t\t\t\t\t\t\t\t\t\t\t\t<img decoding=\"async\" width=\"1920\" height=\"1080\" src=\"https:\/\/coverproject.ch\/wp-content\/uploads\/pergole-bioclimatiche-CL130.webp\" class=\"attachment-large size-large wp-image-36273\" alt=\"\" srcset=\"https:\/\/coverproject.ch\/wp-content\/uploads\/pergole-bioclimatiche-CL130.webp 1920w, https:\/\/coverproject.ch\/wp-content\/uploads\/pergole-bioclimatiche-CL130-768x432.webp 768w, https:\/\/coverproject.ch\/wp-content\/uploads\/pergole-bioclimatiche-CL130-1536x864.webp 1536w\" sizes=\"(max-width: 1920px) 100vw, 1920px\" \/>\t\t\t\t\t\t\t\t\t\t\t\t\t\t\t<\/div>\n\t\t\t\t<\/div>\n\t\t\t\t<div class=\"elementor-element elementor-element-9a78a1e elementor-widget elementor-widget-heading\" data-id=\"9a78a1e\" data-element_type=\"widget\" data-e-type=\"widget\" data-widget_type=\"heading.default\">\n\t\t\t\t<div class=\"elementor-widget-container\">\n\t\t\t\t\t<h3 class=\"elementor-heading-title elementor-size-default\">Nom du mod\u00e8le<\/h3>\t\t\t\t<\/div>\n\t\t\t\t<\/div>\n\t\t\t\t<div class=\"elementor-element elementor-element-bec1fdf elementor-widget elementor-widget-text-editor\" data-id=\"bec1fdf\" data-element_type=\"widget\" data-e-type=\"widget\" data-widget_type=\"text-editor.default\">\n\t\t\t\t<div class=\"elementor-widget-container\">\n\t\t\t\t\t\t\t\t\t<p>Syst\u00e8me avec des lames r\u00e9glables de 1 degr\u00e9 de libert\u00e9 avec <strong>une grande polyvalence<\/strong> gr\u00e2ce \u00e0 la modularit\u00e9, disponible en \u00eelot (autoportant) et en variantes murales.<br \/>\nLe m\u00e2t de 15&#215;15 cm en fait une excellente solution pour le <strong>secteur de l\u2019h\u00f4tellerie<\/strong>, gr\u00e2ce aux lignes \u00e9pur\u00e9es qui coexistent avec une structure solide et brevet\u00e9e jusque dans les moindres d\u00e9tails. <\/p>\n<p>Possibilit\u00e9 d\u2019int\u00e9grer des LED en 3 versions, des fermetures ZIP et des portes coulissantes en verre, ainsi que de l\u2019\u00e9quiper de panneaux solaires photovolta\u00efques dans la variante Energy.<\/p>\n\t\t\t\t\t\t\t\t<\/div>\n\t\t\t\t<\/div>\n\t\t\t\t<div class=\"elementor-element elementor-element-300b6b2 elementor-widget elementor-widget-image\" data-id=\"300b6b2\" data-element_type=\"widget\" data-e-type=\"widget\" data-widget_type=\"image.default\">\n\t\t\t\t<div class=\"elementor-widget-container\">\n\t\t\t\t\t\t\t\t\t\t\t\t\t\t\t<img decoding=\"async\" width=\"1920\" height=\"1080\" src=\"https:\/\/coverproject.ch\/wp-content\/uploads\/pergole-bioclimatiche-CL150.webp\" class=\"attachment-large size-large wp-image-36274\" alt=\"\" srcset=\"https:\/\/coverproject.ch\/wp-content\/uploads\/pergole-bioclimatiche-CL150.webp 1920w, https:\/\/coverproject.ch\/wp-content\/uploads\/pergole-bioclimatiche-CL150-768x432.webp 768w, https:\/\/coverproject.ch\/wp-content\/uploads\/pergole-bioclimatiche-CL150-1536x864.webp 1536w\" sizes=\"(max-width: 1920px) 100vw, 1920px\" \/>\t\t\t\t\t\t\t\t\t\t\t\t\t\t\t<\/div>\n\t\t\t\t<\/div>\n\t\t\t\t<div class=\"elementor-element elementor-element-941bfcd elementor-widget elementor-widget-heading\" data-id=\"941bfcd\" data-element_type=\"widget\" data-e-type=\"widget\" data-widget_type=\"heading.default\">\n\t\t\t\t<div class=\"elementor-widget-container\">\n\t\t\t\t\t<h3 class=\"elementor-heading-title elementor-size-default\">Nom du mod\u00e8le<\/h3>\t\t\t\t<\/div>\n\t\t\t\t<\/div>\n\t\t\t\t<div class=\"elementor-element elementor-element-3d44010 elementor-widget elementor-widget-text-editor\" data-id=\"3d44010\" data-element_type=\"widget\" data-e-type=\"widget\" data-widget_type=\"text-editor.default\">\n\t\t\t\t<div class=\"elementor-widget-container\">\n\t\t\t\t\t\t\t\t\t<p>Il a une <strong>modularit\u00e9<\/strong> qui permet de placer plusieurs structures c\u00f4te \u00e0 c\u00f4te sans doubler le pilier central tout en conservant un design incomparable.<br \/>\nIl peut \u00eatre \u00e9quip\u00e9 de fermetures p\u00e9rim\u00e9triques : <strong>fen\u00eatres, stores verticaux et rideaux de draperie<\/strong>.   <\/p>\n<p>Un<strong> produit fonctionnel en toute saison<\/strong>, pour cr\u00e9er de nouveaux espaces ext\u00e9rieurs, habitables et fonctionnels.<br \/>\n\u00c9l\u00e9gant et personnalisable.<br \/>\nL\u2019\u00e9clairage int\u00e9gr\u00e9 dans les profil\u00e9s et les lames et la possibilit\u00e9 de fermetures p\u00e9rim\u00e9triques vous permettent de profiter de l\u2019espace ext\u00e9rieur m\u00eame la nuit.<br \/>\nDisponible dans les configurations suivantes : autoportant, mural.   <\/p>\n\t\t\t\t\t\t\t\t<\/div>\n\t\t\t\t<\/div>\n\t\t\t\t<div class=\"elementor-element elementor-element-bfab9c0 elementor-widget elementor-widget-image\" data-id=\"bfab9c0\" data-element_type=\"widget\" data-e-type=\"widget\" data-widget_type=\"image.default\">\n\t\t\t\t<div class=\"elementor-widget-container\">\n\t\t\t\t\t\t\t\t\t\t\t\t\t\t\t<img loading=\"lazy\" decoding=\"async\" width=\"1920\" height=\"1080\" src=\"https:\/\/coverproject.ch\/wp-content\/uploads\/pergole-bioclimatiche-CL160.webp\" class=\"attachment-large size-large wp-image-36275\" alt=\"\" srcset=\"https:\/\/coverproject.ch\/wp-content\/uploads\/pergole-bioclimatiche-CL160.webp 1920w, https:\/\/coverproject.ch\/wp-content\/uploads\/pergole-bioclimatiche-CL160-768x432.webp 768w, https:\/\/coverproject.ch\/wp-content\/uploads\/pergole-bioclimatiche-CL160-1536x864.webp 1536w\" sizes=\"(max-width: 1920px) 100vw, 1920px\" \/>\t\t\t\t\t\t\t\t\t\t\t\t\t\t\t<\/div>\n\t\t\t\t<\/div>\n\t\t\t\t<div class=\"elementor-element elementor-element-13e4b68 elementor-widget elementor-widget-heading\" data-id=\"13e4b68\" data-element_type=\"widget\" data-e-type=\"widget\" data-widget_type=\"heading.default\">\n\t\t\t\t<div class=\"elementor-widget-container\">\n\t\t\t\t\t<h3 class=\"elementor-heading-title elementor-size-default\">Nom du mod\u00e8le<\/h3>\t\t\t\t<\/div>\n\t\t\t\t<\/div>\n\t\t\t\t<div class=\"elementor-element elementor-element-791b92f elementor-widget elementor-widget-text-editor\" data-id=\"791b92f\" data-element_type=\"widget\" data-e-type=\"widget\" data-widget_type=\"text-editor.default\">\n\t\t\t\t<div class=\"elementor-widget-container\">\n\t\t\t\t\t\t\t\t\t<p><strong>Structure robuste<\/strong> avec une forte personnalit\u00e9 donn\u00e9e par le m\u00e2t de 17x17cm.<br \/>\nAppartenant \u00e0 la gamme plus, c\u2019est la solution id\u00e9ale pour les clients qui exigent de grandes tailles, gr\u00e2ce \u00e9galement \u00e0 sa nature modulaire.<br \/>\nDisponible en version \u00eelot ou murale pour assurer une personnalisation maximale.  <\/p>\n<p>La structure int\u00e8gre naturellement des fermetures \u00e0 glissi\u00e8re \u00e0 enroulement \u00e0 l\u2019int\u00e9rieur des profil\u00e9s, <strong>alliant performance fonctionnelle et minimalisme des lignes<\/strong> : elle permet le couplage sur les c\u00f4t\u00e9s de fermetures coulissantes en verre, utiles pour les mois les plus froids, et de feuilles d\u2019ombrage, essentielles en \u00e9t\u00e9.<br \/>\nPossibilit\u00e9 d\u2019int\u00e9grer des LED en 3 versions. <\/p>\n\t\t\t\t\t\t\t\t<\/div>\n\t\t\t\t<\/div>\n\t\t\t\t<div class=\"elementor-element elementor-element-2aac472 elementor-widget elementor-widget-image\" data-id=\"2aac472\" data-element_type=\"widget\" data-e-type=\"widget\" data-widget_type=\"image.default\">\n\t\t\t\t<div class=\"elementor-widget-container\">\n\t\t\t\t\t\t\t\t\t\t\t\t\t\t\t<img loading=\"lazy\" decoding=\"async\" width=\"1920\" height=\"1080\" src=\"https:\/\/coverproject.ch\/wp-content\/uploads\/pergole-bioclimatiche-CL170.webp\" class=\"attachment-large size-large wp-image-36276\" alt=\"\" srcset=\"https:\/\/coverproject.ch\/wp-content\/uploads\/pergole-bioclimatiche-CL170.webp 1920w, https:\/\/coverproject.ch\/wp-content\/uploads\/pergole-bioclimatiche-CL170-768x432.webp 768w, https:\/\/coverproject.ch\/wp-content\/uploads\/pergole-bioclimatiche-CL170-1536x864.webp 1536w\" sizes=\"(max-width: 1920px) 100vw, 1920px\" \/>\t\t\t\t\t\t\t\t\t\t\t\t\t\t\t<\/div>\n\t\t\t\t<\/div>\n\t\t\t\t<div class=\"elementor-element elementor-element-78012df elementor-widget elementor-widget-text-editor\" data-id=\"78012df\" data-element_type=\"widget\" data-e-type=\"widget\" data-widget_type=\"text-editor.default\">\n\t\t\t\t<div class=\"elementor-widget-container\">\n\t\t\t\t\t\t\t\t\t<p><strong><a href=\"https:\/\/coverproject.ch\/fr\/pergolas-photovoltaiques\/\">D\u00c9COUVREZ NOS MOD\u00c8LES INNOVANTS DE PERGOLAS PHOTOVOLTA\u00cfQUES !<\/a><\/strong><\/p>\n\t\t\t\t\t\t\t\t<\/div>\n\t\t\t\t<\/div>\n\t\t\t\t\t<\/div>\n\t\t<\/div>\n\t\t\t\t<div class=\"elementor-column elementor-col-50 elementor-top-column elementor-element elementor-element-2e6930f\" data-id=\"2e6930f\" data-element_type=\"column\" data-e-type=\"column\" data-settings=\"{&quot;background_background&quot;:&quot;classic&quot;}\">\n\t\t\t<div class=\"elementor-widget-wrap elementor-element-populated\">\n\t\t\t\t\t\t\t<\/div>\n\t\t<\/div>\n\t\t\t\t\t<\/div>\n\t\t<\/section>\n\t\t\t\t<section class=\"elementor-section elementor-top-section elementor-element elementor-element-a30b25d elementor-section-full_width elementor-section-height-default elementor-section-height-default\" data-id=\"a30b25d\" data-element_type=\"section\" data-e-type=\"section\">\n\t\t\t\t\t\t<div class=\"elementor-container elementor-column-gap-default\">\n\t\t\t\t\t<div class=\"elementor-column elementor-col-100 elementor-top-column elementor-element elementor-element-c8f6cb2\" data-id=\"c8f6cb2\" data-element_type=\"column\" data-e-type=\"column\">\n\t\t\t<div class=\"elementor-widget-wrap elementor-element-populated\">\n\t\t\t\t\t\t\t<\/div>\n\t\t<\/div>\n\t\t\t\t\t<\/div>\n\t\t<\/section>\n\t\t\t\t<\/div>\n\t\t","protected":false},"excerpt":{"rendered":"<p>MOD\u00c8LES PERGOLA \u00c0 LAMES ORIENTABLES Les pergolas bioclimatiques Cover Project agrandissent votre espace en rendant les environnements en plein air habitables toute l\u2019ann\u00e9e. D\u00e9couvrons ensemble le large choix de mod\u00e8les de pergolas bioclimatiques que nous mettons \u00e0 votre disposition : PROJET DE COUVERTURE DE PERGOLAS \u00c0 LATTES R\u00c9GLABLES Nom du mod\u00e8le Structure d\u2019ombrage en aluminium [&hellip;]<\/p>\n","protected":false},"author":6,"featured_media":0,"parent":0,"menu_order":0,"comment_status":"closed","ping_status":"closed","template":"","meta":{"footnotes":""},"class_list":["post-36551","page","type-page","status-publish","hentry"],"_links":{"self":[{"href":"https:\/\/coverproject.ch\/fr\/wp-json\/wp\/v2\/pages\/36551","targetHints":{"allow":["GET"]}}],"collection":[{"href":"https:\/\/coverproject.ch\/fr\/wp-json\/wp\/v2\/pages"}],"about":[{"href":"https:\/\/coverproject.ch\/fr\/wp-json\/wp\/v2\/types\/page"}],"author":[{"embeddable":true,"href":"https:\/\/coverproject.ch\/fr\/wp-json\/wp\/v2\/users\/6"}],"replies":[{"embeddable":true,"href":"https:\/\/coverproject.ch\/fr\/wp-json\/wp\/v2\/comments?post=36551"}],"version-history":[{"count":0,"href":"https:\/\/coverproject.ch\/fr\/wp-json\/wp\/v2\/pages\/36551\/revisions"}],"wp:attachment":[{"href":"https:\/\/coverproject.ch\/fr\/wp-json\/wp\/v2\/media?parent=36551"}],"curies":[{"name":"wp","href":"https:\/\/api.w.org\/{rel}","templated":true}]}}