{"id":36548,"date":"2024-08-12T15:18:45","date_gmt":"2024-08-12T13:18:45","guid":{"rendered":"https:\/\/coverproject.ch\/pergolas-murales-en-suisse\/"},"modified":"2024-08-12T15:20:53","modified_gmt":"2024-08-12T13:20:53","slug":"pergolas-murales-en-suisse","status":"publish","type":"page","link":"https:\/\/coverproject.ch\/fr\/pergolas-murales-en-suisse\/","title":{"rendered":"Pergolas murales en Suisse"},"content":{"rendered":"\t\t<div data-elementor-type=\"wp-page\" data-elementor-id=\"36548\" class=\"elementor elementor-36548 elementor-29693\" data-elementor-post-type=\"page\">\n\t\t\t\t\t\t<section class=\"elementor-section elementor-top-section elementor-element elementor-element-f9dd2d4 elementor-section-boxed elementor-section-height-default elementor-section-height-default\" data-id=\"f9dd2d4\" data-element_type=\"section\" data-e-type=\"section\">\n\t\t\t\t\t\t<div class=\"elementor-container elementor-column-gap-default\">\n\t\t\t\t\t<div class=\"elementor-column elementor-col-50 elementor-top-column elementor-element elementor-element-26a93765\" data-id=\"26a93765\" data-element_type=\"column\" data-e-type=\"column\">\n\t\t\t<div class=\"elementor-widget-wrap elementor-element-populated\">\n\t\t\t\t\t\t<div class=\"elementor-element elementor-element-a1dd3b1 elementor-widget elementor-widget-image\" data-id=\"a1dd3b1\" data-element_type=\"widget\" data-e-type=\"widget\" data-widget_type=\"image.default\">\n\t\t\t\t<div class=\"elementor-widget-container\">\n\t\t\t\t\t\t\t\t\t\t\t\t\t\t\t<img fetchpriority=\"high\" decoding=\"async\" width=\"1680\" height=\"1259\" src=\"https:\/\/coverproject.ch\/wp-content\/uploads\/pergole-addossate.webp\" class=\"attachment-large size-large wp-image-36256\" alt=\"\" srcset=\"https:\/\/coverproject.ch\/wp-content\/uploads\/pergole-addossate.webp 1680w, https:\/\/coverproject.ch\/wp-content\/uploads\/pergole-addossate-768x576.webp 768w, https:\/\/coverproject.ch\/wp-content\/uploads\/pergole-addossate-1536x1151.webp 1536w\" sizes=\"(max-width: 1680px) 100vw, 1680px\" \/>\t\t\t\t\t\t\t\t\t\t\t\t\t\t\t<\/div>\n\t\t\t\t<\/div>\n\t\t\t\t<div class=\"elementor-element elementor-element-9b75055 elementor-widget elementor-widget-heading\" data-id=\"9b75055\" data-element_type=\"widget\" data-e-type=\"widget\" data-widget_type=\"heading.default\">\n\t\t\t\t<div class=\"elementor-widget-container\">\n\t\t\t\t\t<h1 class=\"elementor-heading-title elementor-size-default\">PERGOLAS MURALES EN SUISSE<span style=\"font-size: 2.1111111111111rem;font-weight: 800;text-transform: inherit\"><\/span><\/h1>\t\t\t\t<\/div>\n\t\t\t\t<\/div>\n\t\t\t\t<div class=\"elementor-element elementor-element-e712bec elementor-widget elementor-widget-text-editor\" data-id=\"e712bec\" data-element_type=\"widget\" data-e-type=\"widget\" data-widget_type=\"text-editor.default\">\n\t\t\t\t<div class=\"elementor-widget-container\">\n\t\t\t\t\t\t\t\t\t<p>Les meilleures <strong>pergolas murales<\/strong> de Suisse sont fabriqu\u00e9es par Cover <span style=\"font-size: 18px; font-style: normal; font-weight: 300;\">Project<\/span> Vous pouvez d\u00e9sormais profiter pleinement des espaces ext\u00e9rieurs de votre propri\u00e9t\u00e9.  <\/p>\n\t\t\t\t\t\t\t\t<\/div>\n\t\t\t\t<\/div>\n\t\t\t\t<section class=\"elementor-section elementor-inner-section elementor-element elementor-element-4143c61e elementor-section-boxed elementor-section-height-default elementor-section-height-default\" data-id=\"4143c61e\" data-element_type=\"section\" data-e-type=\"section\">\n\t\t\t\t\t\t<div class=\"elementor-container elementor-column-gap-default\">\n\t\t\t\t\t<div class=\"elementor-column elementor-col-100 elementor-inner-column elementor-element elementor-element-11b44f3a\" data-id=\"11b44f3a\" data-element_type=\"column\" data-e-type=\"column\">\n\t\t\t<div class=\"elementor-widget-wrap elementor-element-populated\">\n\t\t\t\t\t\t<div class=\"elementor-element elementor-element-4ad3fad0 elementor-widget elementor-widget-heading\" data-id=\"4ad3fad0\" data-element_type=\"widget\" data-e-type=\"widget\" data-widget_type=\"heading.default\">\n\t\t\t\t<div class=\"elementor-widget-container\">\n\t\t\t\t\t<h2 class=\"elementor-heading-title elementor-size-default\">PERGOLAS MURALES  <\/h2>\t\t\t\t<\/div>\n\t\t\t\t<\/div>\n\t\t\t\t<div class=\"elementor-element elementor-element-78e00a9e elementor-widget elementor-widget-text-editor\" data-id=\"78e00a9e\" data-element_type=\"widget\" data-e-type=\"widget\" data-widget_type=\"text-editor.default\">\n\t\t\t\t<div class=\"elementor-widget-container\">\n\t\t\t\t\t\t\t\t\t<p><strong>Augmentez la surface habitable<\/strong> de votre maison ou de votre entreprise. Quoi? Gr\u00e2ce \u00e0 Cover <span style=\"font-size: 18px; font-style: normal; font-weight: 300;\">Project<\/span> et \u00e0 nos <strong>pergolas murales<\/strong> , vous pouvez enfin le faire ! Profitez des espaces ext\u00e9rieurs ou cr\u00e9ez un espace de d\u00e9tente utilisable tout au long de l\u2019ann\u00e9e gr\u00e2ce \u00e0 nos solutions. Pour en savoir plus, lisez ci-dessous&#8230;<\/p>\n\t\t\t\t\t\t\t\t<\/div>\n\t\t\t\t<\/div>\n\t\t\t\t<div class=\"elementor-element elementor-element-63bc6c76 elementor-widget elementor-widget-heading\" data-id=\"63bc6c76\" data-element_type=\"widget\" data-e-type=\"widget\" data-widget_type=\"heading.default\">\n\t\t\t\t<div class=\"elementor-widget-container\">\n\t\t\t\t\t<h2 class=\"elementor-heading-title elementor-size-default\">QU\u2019EST-CE QU\u2019UNE PERGOLAS MURALE ?<\/h2>\t\t\t\t<\/div>\n\t\t\t\t<\/div>\n\t\t\t\t<div class=\"elementor-element elementor-element-631c4a2c elementor-widget elementor-widget-text-editor\" data-id=\"631c4a2c\" data-element_type=\"widget\" data-e-type=\"widget\" data-widget_type=\"text-editor.default\">\n\t\t\t\t<div class=\"elementor-widget-container\">\n\t\t\t\t\t\t\t\t\t<p>Les pergolas sont des structures architecturales particuli\u00e8res r\u00e9alis\u00e9es dans le but de <strong>fournir une protection et de l\u2019ombre \u00e0 la zone situ\u00e9e en dessous<\/strong>. En particulier, celles qui s\u2019appuient contre le mur sont des pergolas qui ont besoin de \u00ab&nbsp;s\u2019appuyer&nbsp;\u00bb sur un b\u00e2timent pour se soutenir. Ce sont <strong>des constructions solides, en bois, en fer ou en aluminium<\/strong> et capables de constituer une v\u00e9ritable extension du b\u00e2timent. Gr\u00e2ce \u00e0 <strong>l\u2019utilisation de solutions de fermeture sp\u00e9ciales, qu\u2019elles<\/strong> soient fixes ou mobiles, elles peuvent \u00eatre utilis\u00e9es tout au long de l\u2019ann\u00e9e, offrant ainsi une protection maximale contre le soleil, la pluie ou le vent.<\/p>\n\t\t\t\t\t\t\t\t<\/div>\n\t\t\t\t<\/div>\n\t\t\t\t<div class=\"elementor-element elementor-element-79dd44c8 elementor-widget elementor-widget-heading\" data-id=\"79dd44c8\" data-element_type=\"widget\" data-e-type=\"widget\" data-widget_type=\"heading.default\">\n\t\t\t\t<div class=\"elementor-widget-container\">\n\t\t\t\t\t<h2 class=\"elementor-heading-title elementor-size-default\">POURQUOI CHOISIR UNE PERGOLA MURALE ?<\/h2>\t\t\t\t<\/div>\n\t\t\t\t<\/div>\n\t\t\t\t<div class=\"elementor-element elementor-element-79dfb5b9 elementor-widget elementor-widget-text-editor\" data-id=\"79dfb5b9\" data-element_type=\"widget\" data-e-type=\"widget\" data-widget_type=\"text-editor.default\">\n\t\t\t\t<div class=\"elementor-widget-container\">\n\t\t\t\t\t\t\t\t\t<p>Parce qu\u2019il s\u2019agit d\u2019une solution<strong> extr\u00eamement simple, fonctionnelle et surtout adaptable<\/strong> aux besoins les plus divers ! Gr\u00e2ce \u00e0 nos techniciens, nous serons en mesure d\u2019adapter la pergola murale de vos r\u00eaves au mur de votre maison ou de votre restaurant, en respectant le style architectural du b\u00e2timent gr\u00e2ce aux nombreuses formes, couleurs et d\u00e9corations disponibles.<br \/>Vous pouvez compter sur une <strong>pergola facile \u00e0 entretenir<\/strong> et capable de r\u00e9sister dans le temps, qui peut \u00eatre utilis\u00e9e dans de nombreuses activit\u00e9s : du commercial au plus ludique et pure d\u00e9tente !<\/p>\n\t\t\t\t\t\t\t\t<\/div>\n\t\t\t\t<\/div>\n\t\t\t\t<div class=\"elementor-element elementor-element-e10832a elementor-widget elementor-widget-heading\" data-id=\"e10832a\" data-element_type=\"widget\" data-e-type=\"widget\" data-widget_type=\"heading.default\">\n\t\t\t\t<div class=\"elementor-widget-container\">\n\t\t\t\t\t<h2 class=\"elementor-heading-title elementor-size-default\">PROJET DE COUVERTURE : LES ARTISTES DES PERGOLAS MURALES<\/h2>\t\t\t\t<\/div>\n\t\t\t\t<\/div>\n\t\t\t\t<div class=\"elementor-element elementor-element-2e1144e3 elementor-widget elementor-widget-text-editor\" data-id=\"2e1144e3\" data-element_type=\"widget\" data-e-type=\"widget\" data-widget_type=\"text-editor.default\">\n\t\t\t\t<div class=\"elementor-widget-container\">\n\t\t\t\t\t\t\t\t\t<p>\u00c9largissez vos horizons domestiques et <strong>agrandissez votre espace de vie<\/strong> ! Que ce soit l\u2019\u00e9t\u00e9 ou l\u2019hiver, profitez de votre jardin l\u2019esprit tranquille. Nous cr\u00e9ons des pergolas murales adaptables \u00e0 n\u2019importe quel mur de la plus haute qualit\u00e9 et finition. Notre entreprise est principalement active dans la r\u00e9gion du canton du Tessin, en particulier dans la ville de Lugano, mais <strong>nous vous parvenons sans probl\u00e8me dans toute la Suisse<\/strong> ! Faites confiance \u00e0 nos couvertures, choisissez uniquement les meilleures pergolas murales, choisissez Cover Project !<\/p>\n\t\t\t\t\t\t\t\t<\/div>\n\t\t\t\t<\/div>\n\t\t\t\t<div class=\"elementor-element elementor-element-80d665d elementor-widget elementor-widget-heading\" data-id=\"80d665d\" data-element_type=\"widget\" data-e-type=\"widget\" data-widget_type=\"heading.default\">\n\t\t\t\t<div class=\"elementor-widget-container\">\n\t\t\t\t\t<h2 class=\"elementor-heading-title elementor-size-default\">PERGOLAS MURALES DISPONIBLES DANS DE NOMBREUX COLORIS<\/h2>\t\t\t\t<\/div>\n\t\t\t\t<\/div>\n\t\t\t\t<div class=\"elementor-element elementor-element-485edaf elementor-widget elementor-widget-text-editor\" data-id=\"485edaf\" data-element_type=\"widget\" data-e-type=\"widget\" data-widget_type=\"text-editor.default\">\n\t\t\t\t<div class=\"elementor-widget-container\">\n\t\t\t\t\t\t\t\t\t<p>Chaque pergola a sa propre couleur ! Nous pouvons vous proposer une <strong>large gamme de couleurs et de finitions<\/strong> pour embellir votre pergola. <strong>Monochrome, bicolore ou un m\u00e9lange<\/strong> capable de faire ressortir le b\u00e2timent de l\u2019environnement environnant ? Lequel choisissez-vous ?<\/p>\n\t\t\t\t\t\t\t\t<\/div>\n\t\t\t\t<\/div>\n\t\t\t\t<div class=\"elementor-element elementor-element-520e946 elementor-widget elementor-widget-image\" data-id=\"520e946\" data-element_type=\"widget\" data-e-type=\"widget\" data-widget_type=\"image.default\">\n\t\t\t\t<div class=\"elementor-widget-container\">\n\t\t\t\t\t\t\t\t\t\t\t\t\t\t\t<img decoding=\"async\" width=\"2560\" height=\"2560\" src=\"https:\/\/coverproject.ch\/wp-content\/uploads\/pergole-addossate-a-parete.webp\" class=\"attachment-large size-large wp-image-36399\" alt=\"\" srcset=\"https:\/\/coverproject.ch\/wp-content\/uploads\/pergole-addossate-a-parete.webp 2560w, https:\/\/coverproject.ch\/wp-content\/uploads\/pergole-addossate-a-parete-150x150.webp 150w, https:\/\/coverproject.ch\/wp-content\/uploads\/pergole-addossate-a-parete-768x768.webp 768w, https:\/\/coverproject.ch\/wp-content\/uploads\/pergole-addossate-a-parete-1536x1536.webp 1536w, https:\/\/coverproject.ch\/wp-content\/uploads\/pergole-addossate-a-parete-2048x2048.webp 2048w\" sizes=\"(max-width: 2560px) 100vw, 2560px\" \/>\t\t\t\t\t\t\t\t\t\t\t\t\t\t\t<\/div>\n\t\t\t\t<\/div>\n\t\t\t\t<div class=\"elementor-element elementor-element-df9d38c elementor-widget elementor-widget-heading\" data-id=\"df9d38c\" data-element_type=\"widget\" data-e-type=\"widget\" data-widget_type=\"heading.default\">\n\t\t\t\t<div class=\"elementor-widget-container\">\n\t\t\t\t\t<h2 class=\"elementor-heading-title elementor-size-default\">5 CONSEILS UTILES POUR L\u2019ACHAT D\u2019UNE PERGOLA MURALE<\/h2>\t\t\t\t<\/div>\n\t\t\t\t<\/div>\n\t\t\t\t<div class=\"elementor-element elementor-element-651b0ab elementor-widget elementor-widget-text-editor\" data-id=\"651b0ab\" data-element_type=\"widget\" data-e-type=\"widget\" data-widget_type=\"text-editor.default\">\n\t\t\t\t<div class=\"elementor-widget-container\">\n\t\t\t\t\t\t\t\t\t<ul>\n<li>Tout d\u2019abord, il est toujours conseill\u00e9 <strong>de s\u2019appuyer sur des experts<\/strong> : ce n\u2019est qu\u2019ainsi que vous pourrez \u00eatre s\u00fbr et profiter d\u2019un produit technologiquement sup\u00e9rieur, s\u00fbr et r\u00e9sistant.<\/li>\n<li><strong>Le mat\u00e9riau est d\u2019une importance fondamentale<\/strong>. Plus sa qualit\u00e9 est \u00e9lev\u00e9e, moins il faudra d\u2019efforts d\u2019entretien dans les ann\u00e9es \u00e0 venir.<\/li>\n<li>Il est pr\u00e9f\u00e9rable <strong>de privil\u00e9gier les solutions personnalis\u00e9es<\/strong> plut\u00f4t que les solutions standard. Ce n\u2019est qu\u2019ainsi que la pergola murale pourra s\u2019adapter parfaitement \u00e0 la surface en question et remplir sa fonction de protection.<\/li>\n<li>Dans le cas d\u2019une tr\u00e8s grande surface \u00e0 couvrir <strong>, il est bon d\u2019opter pour une solution de taille appropri\u00e9e<\/strong>. De cette fa\u00e7on, la pergola murale fournira la bonne couverture. Afin de faciliter le transit d\u2019un espace \u00e0 un autre, il est conseill\u00e9 de pr\u00e9voir des solutions amovibles.<\/li>\n<li>Afin de ne pas perdre de temps et d\u2019argent, il est toujours conseill\u00e9 <strong>de confier les travaux \u00e0 des techniciens sp\u00e9cialis\u00e9s<\/strong>, qui sont en mesure de suivre l\u2019ensemble du projet dans toutes les phases et d\u2019apporter les modifications qui peuvent s\u2019av\u00e9rer n\u00e9cessaires au cours des travaux.<\/li>\n<\/ul>\n\t\t\t\t\t\t\t\t<\/div>\n\t\t\t\t<\/div>\n\t\t\t\t\t<\/div>\n\t\t<\/div>\n\t\t\t\t\t<\/div>\n\t\t<\/section>\n\t\t\t\t\t<\/div>\n\t\t<\/div>\n\t\t\t\t<div class=\"elementor-column elementor-col-50 elementor-top-column elementor-element elementor-element-d7c6384\" data-id=\"d7c6384\" data-element_type=\"column\" data-e-type=\"column\">\n\t\t\t<div class=\"elementor-widget-wrap elementor-element-populated\">\n\t\t\t\t\t\t<div class=\"elementor-element elementor-element-0d05e42 elementor-widget elementor-widget-template\" data-id=\"0d05e42\" data-element_type=\"widget\" data-e-type=\"widget\" data-settings=\"{&quot;motion_fx_motion_fx_scrolling&quot;:&quot;yes&quot;,&quot;sticky&quot;:&quot;top&quot;,&quot;sticky_parent&quot;:&quot;yes&quot;,&quot;motion_fx_devices&quot;:[&quot;desktop&quot;,&quot;tablet&quot;,&quot;mobile&quot;],&quot;sticky_on&quot;:[&quot;desktop&quot;,&quot;tablet&quot;,&quot;mobile&quot;],&quot;sticky_offset&quot;:0,&quot;sticky_effects_offset&quot;:0,&quot;sticky_anchor_link_offset&quot;:0}\" data-widget_type=\"template.default\">\n\t\t\t\t<div class=\"elementor-widget-container\">\n\t\t\t\t\t\t\t<div class=\"elementor-template\">\n\t\t\t\t\t<div data-elementor-type=\"archive\" data-elementor-id=\"36447\" class=\"elementor elementor-36447 elementor-34615\" data-elementor-post-type=\"elementor_library\">\n\t\t\t\t\t<section class=\"elementor-section elementor-top-section elementor-element elementor-element-f5256dd elementor-section-boxed elementor-section-height-default elementor-section-height-default\" data-id=\"f5256dd\" data-element_type=\"section\" data-e-type=\"section\" data-settings=\"{&quot;background_background&quot;:&quot;classic&quot;}\">\n\t\t\t\t\t\t<div class=\"elementor-container elementor-column-gap-default\">\n\t\t\t\t\t<div class=\"elementor-column elementor-col-100 elementor-top-column elementor-element elementor-element-de3cf11\" data-id=\"de3cf11\" data-element_type=\"column\" data-e-type=\"column\" data-settings=\"{&quot;background_background&quot;:&quot;classic&quot;}\">\n\t\t\t<div class=\"elementor-widget-wrap elementor-element-populated\">\n\t\t\t\t\t\t<div class=\"elementor-element elementor-element-5068b41 elementor-widget elementor-widget-heading\" data-id=\"5068b41\" data-element_type=\"widget\" data-e-type=\"widget\" data-widget_type=\"heading.default\">\n\t\t\t\t<div class=\"elementor-widget-container\">\n\t\t\t\t\t<h2 class=\"elementor-heading-title elementor-size-default\"><a href=\"#elementor-action%3Aaction%3Dpopup%3Aopen%26settings%3DeyJpZCI6MzY0NDMsInRvZ2dsZSI6ZmFsc2V9\">TOUS NOS ARTICLES<\/a><\/h2>\t\t\t\t<\/div>\n\t\t\t\t<\/div>\n\t\t\t\t\t<\/div>\n\t\t<\/div>\n\t\t\t\t\t<\/div>\n\t\t<\/section>\n\t\t\t\t<section class=\"elementor-section elementor-top-section elementor-element elementor-element-e72263c elementor-section-boxed elementor-section-height-default elementor-section-height-default\" data-id=\"e72263c\" data-element_type=\"section\" data-e-type=\"section\">\n\t\t\t\t\t\t<div class=\"elementor-container elementor-column-gap-default\">\n\t\t\t\t\t<div class=\"elementor-column elementor-col-100 elementor-top-column elementor-element elementor-element-d75c150\" data-id=\"d75c150\" data-element_type=\"column\" data-e-type=\"column\" data-settings=\"{&quot;background_background&quot;:&quot;classic&quot;}\">\n\t\t\t<div class=\"elementor-widget-wrap elementor-element-populated\">\n\t\t\t\t\t\t<div class=\"elementor-element elementor-element-e0c7537 elementor-widget elementor-widget-heading\" data-id=\"e0c7537\" data-element_type=\"widget\" data-e-type=\"widget\" data-widget_type=\"heading.default\">\n\t\t\t\t<div class=\"elementor-widget-container\">\n\t\t\t\t\t<h2 class=\"elementor-heading-title elementor-size-default\">CONSULTATION INITIALE ET DEVIS GRATUITS<\/h2>\t\t\t\t<\/div>\n\t\t\t\t<\/div>\n\t\t\t\t<div class=\"elementor-element elementor-element-a84464a elementor-widget elementor-widget-text-editor\" data-id=\"a84464a\" data-element_type=\"widget\" data-e-type=\"widget\" data-widget_type=\"text-editor.default\">\n\t\t\t\t<div class=\"elementor-widget-container\">\n\t\t\t\t\t\t\t\t\t<p>Contactez-nous pour un sondage gratuit et recevez votre proposition de projet personnalis\u00e9e<\/p>\n\t\t\t\t\t\t\t\t<\/div>\n\t\t\t\t<\/div>\n\t\t\t\t<div class=\"elementor-element elementor-element-82f7bab elementor-button-align-stretch elementor-widget elementor-widget-form\" data-id=\"82f7bab\" data-element_type=\"widget\" data-e-type=\"widget\" data-settings=\"{&quot;step_next_label&quot;:&quot;Prochain&quot;,&quot;step_previous_label&quot;:&quot;Pr\\u00e9c\\u00e9dent&quot;,&quot;button_width&quot;:&quot;100&quot;,&quot;step_type&quot;:&quot;number_text&quot;,&quot;step_icon_shape&quot;:&quot;circle&quot;}\" data-widget_type=\"form.default\">\n\t\t\t\t<div class=\"elementor-widget-container\">\n\t\t\t\t\t\t\t<form class=\"elementor-form\" method=\"post\" name=\"Formulaire de contact\" aria-label=\"Formulaire de contact\">\n\t\t\t<input type=\"hidden\" name=\"post_id\" value=\"36447\"\/>\n\t\t\t<input type=\"hidden\" name=\"form_id\" value=\"82f7bab\"\/>\n\t\t\t<input type=\"hidden\" name=\"referer_title\" value=\"Pergolas en fer ou en aluminium - COVER PROJECT - Outdoor designer Leader in Ticino\" \/>\n\n\t\t\t\t\t\t\t<input type=\"hidden\" name=\"queried_id\" value=\"36523\"\/>\n\t\t\t\n\t\t\t<div class=\"elementor-form-fields-wrapper elementor-labels-\">\n\t\t\t\t\t\t\t\t<div class=\"elementor-field-type-text elementor-field-group elementor-column elementor-field-group-name elementor-col-100 elementor-field-required\">\n\t\t\t\t\t\t\t\t\t\t\t\t<label for=\"form-field-name\" class=\"elementor-field-label elementor-screen-only\">\n\t\t\t\t\t\t\t\tNom\t\t\t\t\t\t\t<\/label>\n\t\t\t\t\t\t\t\t\t\t\t\t\t\t<input size=\"1\" type=\"text\" name=\"form_fields[name]\" id=\"form-field-name\" class=\"elementor-field elementor-size-sm  elementor-field-textual\" placeholder=\"Nom\" required=\"required\">\n\t\t\t\t\t\t\t\t\t\t\t<\/div>\n\t\t\t\t\t\t\t\t<div class=\"elementor-field-type-email elementor-field-group elementor-column elementor-field-group-email elementor-col-100 elementor-field-required\">\n\t\t\t\t\t\t\t\t\t\t\t\t<label for=\"form-field-email\" class=\"elementor-field-label elementor-screen-only\">\n\t\t\t\t\t\t\t\tMessagerie \u00e9lectronique\t\t\t\t\t\t\t<\/label>\n\t\t\t\t\t\t\t\t\t\t\t\t\t\t<input size=\"1\" type=\"email\" name=\"form_fields[email]\" id=\"form-field-email\" class=\"elementor-field elementor-size-sm  elementor-field-textual\" placeholder=\"Messagerie \u00e9lectronique\" required=\"required\">\n\t\t\t\t\t\t\t\t\t\t\t<\/div>\n\t\t\t\t\t\t\t\t<div class=\"elementor-field-type-text elementor-field-group elementor-column elementor-field-group-telefono elementor-col-100 elementor-field-required\">\n\t\t\t\t\t\t\t\t\t\t\t\t<label for=\"form-field-telefono\" class=\"elementor-field-label elementor-screen-only\">\n\t\t\t\t\t\t\t\tT\u00e9l\u00e9phone\t\t\t\t\t\t\t<\/label>\n\t\t\t\t\t\t\t\t\t\t\t\t\t\t<input size=\"1\" type=\"text\" name=\"form_fields[telefono]\" id=\"form-field-telefono\" class=\"elementor-field elementor-size-sm  elementor-field-textual\" placeholder=\"T\u00e9l\u00e9phone\" required=\"required\">\n\t\t\t\t\t\t\t\t\t\t\t<\/div>\n\t\t\t\t\t\t\t\t<div class=\"elementor-field-type-textarea elementor-field-group elementor-column elementor-field-group-field_45f7e58 elementor-col-100 elementor-field-required\">\n\t\t\t\t\t\t\t\t\t\t\t\t<label for=\"form-field-field_45f7e58\" class=\"elementor-field-label elementor-screen-only\">\n\t\t\t\t\t\t\t\tMessage\t\t\t\t\t\t\t<\/label>\n\t\t\t\t\t\t<textarea class=\"elementor-field-textual elementor-field  elementor-size-sm\" name=\"form_fields[field_45f7e58]\" id=\"form-field-field_45f7e58\" rows=\"2\" placeholder=\"Message\" required=\"required\"><\/textarea>\t\t\t\t<\/div>\n\t\t\t\t\t\t\t\t<div class=\"elementor-field-group elementor-column elementor-field-type-submit elementor-col-100 e-form__buttons\">\n\t\t\t\t\t<button class=\"elementor-button elementor-size-sm\" type=\"submit\">\n\t\t\t\t\t\t<span class=\"elementor-button-content-wrapper\">\n\t\t\t\t\t\t\t\t\t\t\t\t\t\t\t\t\t\t\t\t\t\t<span class=\"elementor-button-text\">DEMANDER UN CONSEIL<\/span>\n\t\t\t\t\t\t\t\t\t\t\t\t\t<\/span>\n\t\t\t\t\t<\/button>\n\t\t\t\t<\/div>\n\t\t\t<\/div>\n\t\t<\/form>\n\t\t\t\t\t\t<\/div>\n\t\t\t\t<\/div>\n\t\t\t\t\t<\/div>\n\t\t<\/div>\n\t\t\t\t\t<\/div>\n\t\t<\/section>\n\t\t\t\t<\/div>\n\t\t\t\t<\/div>\n\t\t\t\t\t\t<\/div>\n\t\t\t\t<\/div>\n\t\t\t\t\t<\/div>\n\t\t<\/div>\n\t\t\t\t\t<\/div>\n\t\t<\/section>\n\t\t\t\t<section class=\"elementor-section elementor-top-section elementor-element elementor-element-f9f7dea elementor-section-full_width elementor-section-stretched elementor-section-height-default elementor-section-height-default\" data-id=\"f9f7dea\" data-element_type=\"section\" data-e-type=\"section\" data-settings=\"{&quot;stretch_section&quot;:&quot;section-stretched&quot;}\">\n\t\t\t\t\t\t<div class=\"elementor-container elementor-column-gap-default\">\n\t\t\t\t\t<div class=\"elementor-column elementor-col-100 elementor-top-column elementor-element elementor-element-f94c0f4\" data-id=\"f94c0f4\" data-element_type=\"column\" data-e-type=\"column\">\n\t\t\t<div class=\"elementor-widget-wrap elementor-element-populated\">\n\t\t\t\t\t\t\t<\/div>\n\t\t<\/div>\n\t\t\t\t\t<\/div>\n\t\t<\/section>\n\t\t\t\t<\/div>\n\t\t","protected":false},"excerpt":{"rendered":"<p>PERGOLAS MURALES EN SUISSE Les meilleures pergolas murales de Suisse sont fabriqu\u00e9es par Cover Project Vous pouvez d\u00e9sormais profiter pleinement des espaces ext\u00e9rieurs de votre propri\u00e9t\u00e9. PERGOLAS MURALES Augmentez la surface habitable de votre maison ou de votre entreprise. Quoi? Gr\u00e2ce \u00e0 Cover Project et \u00e0 nos pergolas murales , vous pouvez enfin le faire [&hellip;]<\/p>\n","protected":false},"author":6,"featured_media":0,"parent":0,"menu_order":0,"comment_status":"closed","ping_status":"closed","template":"","meta":{"footnotes":""},"class_list":["post-36548","page","type-page","status-publish","hentry"],"_links":{"self":[{"href":"https:\/\/coverproject.ch\/fr\/wp-json\/wp\/v2\/pages\/36548","targetHints":{"allow":["GET"]}}],"collection":[{"href":"https:\/\/coverproject.ch\/fr\/wp-json\/wp\/v2\/pages"}],"about":[{"href":"https:\/\/coverproject.ch\/fr\/wp-json\/wp\/v2\/types\/page"}],"author":[{"embeddable":true,"href":"https:\/\/coverproject.ch\/fr\/wp-json\/wp\/v2\/users\/6"}],"replies":[{"embeddable":true,"href":"https:\/\/coverproject.ch\/fr\/wp-json\/wp\/v2\/comments?post=36548"}],"version-history":[{"count":0,"href":"https:\/\/coverproject.ch\/fr\/wp-json\/wp\/v2\/pages\/36548\/revisions"}],"wp:attachment":[{"href":"https:\/\/coverproject.ch\/fr\/wp-json\/wp\/v2\/media?parent=36548"}],"curies":[{"name":"wp","href":"https:\/\/api.w.org\/{rel}","templated":true}]}}