{"id":36543,"date":"2024-08-12T15:18:42","date_gmt":"2024-08-12T13:18:42","guid":{"rendered":"https:\/\/coverproject.ch\/entretien-pergola-decouvrez-nos-plans\/"},"modified":"2024-08-12T15:20:55","modified_gmt":"2024-08-12T13:20:55","slug":"entretien-pergola-decouvrez-nos-plans","status":"publish","type":"page","link":"https:\/\/coverproject.ch\/fr\/entretien-pergola-decouvrez-nos-plans\/","title":{"rendered":"Entretien pergola : d\u00e9couvrez nos plans"},"content":{"rendered":"\t\t<div data-elementor-type=\"wp-page\" data-elementor-id=\"36543\" class=\"elementor elementor-36543 elementor-32338\" data-elementor-post-type=\"page\">\n\t\t\t\t\t\t<section class=\"elementor-section elementor-top-section elementor-element elementor-element-3c6f8ab elementor-section-boxed elementor-section-height-default elementor-section-height-default\" data-id=\"3c6f8ab\" data-element_type=\"section\" data-e-type=\"section\">\n\t\t\t\t\t\t<div class=\"elementor-container elementor-column-gap-default\">\n\t\t\t\t\t<div class=\"elementor-column elementor-col-50 elementor-top-column elementor-element elementor-element-c6282e1\" data-id=\"c6282e1\" data-element_type=\"column\" data-e-type=\"column\">\n\t\t\t<div class=\"elementor-widget-wrap elementor-element-populated\">\n\t\t\t\t\t\t<div class=\"elementor-element elementor-element-eb69033 elementor-widget elementor-widget-heading\" data-id=\"eb69033\" data-element_type=\"widget\" data-e-type=\"widget\" data-widget_type=\"heading.default\">\n\t\t\t\t<div class=\"elementor-widget-container\">\n\t\t\t\t\t<h1 class=\"elementor-heading-title elementor-size-default\">ENTRETIEN PERGOLA : D\u00c9COUVREZ NOS PLANS<\/h1>\t\t\t\t<\/div>\n\t\t\t\t<\/div>\n\t\t\t\t<div class=\"elementor-element elementor-element-f2b32b6 elementor-widget elementor-widget-text-editor\" data-id=\"f2b32b6\" data-element_type=\"widget\" data-e-type=\"widget\" data-widget_type=\"text-editor.default\">\n\t\t\t\t<div class=\"elementor-widget-container\">\n\t\t\t\t\t\t\t\t\t<p>Vous \u00eates \u00e0 la recherche d\u2019une entreprise qui peut vous accompagner m\u00eame apr\u00e8s l\u2019installation de pergolas ? Cover <span style=\"font-size: 18px; font-style: normal; font-weight: 300;\">Project<\/span> est la solution ! Les pergolas bioclimatiques vous permettent de profiter au maximum de vos espaces ext\u00e9rieurs, cependant, \u00e9tant expos\u00e9es aux \u00e9l\u00e9ments, elles n\u00e9cessitent un <strong>entretien minutieux et constant<\/strong>. Pour cette raison, Cover <span style=\"font-size: 18px; font-style: normal; font-weight: 300;\">Project<\/span> vous propose ses plans d\u2019entretien annuels. D\u00e9couvrons-le ensemble.<\/p>\n\t\t\t\t\t\t\t\t<\/div>\n\t\t\t\t<\/div>\n\t\t\t\t<div class=\"elementor-element elementor-element-daa8602 elementor-widget elementor-widget-heading\" data-id=\"daa8602\" data-element_type=\"widget\" data-e-type=\"widget\" data-widget_type=\"heading.default\">\n\t\t\t\t<div class=\"elementor-widget-container\">\n\t\t\t\t\t<h3 class=\"elementor-heading-title elementor-size-default\">ENTRETIEN DES PERGOLAS EXPRESS  <\/h3>\t\t\t\t<\/div>\n\t\t\t\t<\/div>\n\t\t\t\t<div class=\"elementor-element elementor-element-2ec7e74 elementor-widget elementor-widget-text-editor\" data-id=\"2ec7e74\" data-element_type=\"widget\" data-e-type=\"widget\" data-widget_type=\"text-editor.default\">\n\t\t\t\t<div class=\"elementor-widget-container\">\n\t\t\t\t\t\t\t\t\t<p>Notre plan d\u2019entretien express annuel se compose de <strong>deux incidents<\/strong> et comprend :<\/p>\n<ul>\n<li>Nettoyage de la structure<\/li>\n<li>Nettoyage des lattes<\/li>\n<li>Nettoyage des vitres<\/li>\n<li>Graissage des composants mobiles<\/li>\n<li>V\u00e9rification de l\u2019ancre<\/li>\n<\/ul>\n\t\t\t\t\t\t\t\t<\/div>\n\t\t\t\t<\/div>\n\t\t\t\t<div class=\"elementor-element elementor-element-4826326 elementor-widget elementor-widget-heading\" data-id=\"4826326\" data-element_type=\"widget\" data-e-type=\"widget\" data-widget_type=\"heading.default\">\n\t\t\t\t<div class=\"elementor-widget-container\">\n\t\t\t\t\t<h3 class=\"elementor-heading-title elementor-size-default\">ENTRETIEN DES PERGOLAS PREMIUM  <\/h3>\t\t\t\t<\/div>\n\t\t\t\t<\/div>\n\t\t\t\t<div class=\"elementor-element elementor-element-7afe72a elementor-widget elementor-widget-text-editor\" data-id=\"7afe72a\" data-element_type=\"widget\" data-e-type=\"widget\" data-widget_type=\"text-editor.default\">\n\t\t\t\t<div class=\"elementor-widget-container\">\n\t\t\t\t\t\t\t\t\t<p>Notre plan d\u2019entretien premium comprend les m\u00eames services que l\u2019entretien express mais se compose de <strong>quatre interventions annuelles<\/strong>, pour un nettoyage plus fr\u00e9quent et minutieux.<\/p>\n\t\t\t\t\t\t\t\t<\/div>\n\t\t\t\t<\/div>\n\t\t\t\t<div class=\"elementor-element elementor-element-6b1da9e elementor-widget elementor-widget-heading\" data-id=\"6b1da9e\" data-element_type=\"widget\" data-e-type=\"widget\" data-widget_type=\"heading.default\">\n\t\t\t\t<div class=\"elementor-widget-container\">\n\t\t\t\t\t<h3 class=\"elementor-heading-title elementor-size-default\">FAITES CONFIANCE AUX EXPERTS  <\/h3>\t\t\t\t<\/div>\n\t\t\t\t<\/div>\n\t\t\t\t<div class=\"elementor-element elementor-element-8bdb69e elementor-widget elementor-widget-text-editor\" data-id=\"8bdb69e\" data-element_type=\"widget\" data-e-type=\"widget\" data-widget_type=\"text-editor.default\">\n\t\t\t\t<div class=\"elementor-widget-container\">\n\t\t\t\t\t\t\t\t\t<p>S\u2019appuyer sur <span style=\"font-size: 18px; font-style: normal; font-weight: 300;\">les experts de Cover Project<\/span> pour le nettoyage et l\u2019entretien de vos pergolas bioclimatiques est essentiel pour la bonne \u00e9tanch\u00e9it\u00e9 de la structure dans le temps. Les solutions \u00ab \u00e0 faire soi-m\u00eame \u00bb pourraient \u00eatre tr\u00e8s contre-productives. En effet, il est n\u00e9cessaire d\u2019enlever tous les attelages des goutti\u00e8res, d\u2019\u00e9liminer la poussi\u00e8re et les incrustations et de nettoyer les fen\u00eatres avec les bons produits, sans utiliser de produits contenant des agents agressifs qui pourraient gravement endommager les mat\u00e9riaux. L\u2019utilisation du nettoyeur haute pression, par exemple, pourrait endommager la peinture de l\u2019aluminium en raison du fort jet d\u2019eau.  <\/p>\n<p>Le nettoyage de la pergola bioclimatique est d\u2019une extr\u00eame importance pour <strong>prot\u00e9ger votre investissement<\/strong> et garantir sa beaut\u00e9 et sa fonctionnalit\u00e9 pendant longtemps.<\/p>\n<p>De plus, le graissage des composants mobiles et la v\u00e9rification de l\u2019ancrage garantissent la<strong> s\u00e9curit\u00e9 de la structure<\/strong> dans le temps et optimisent son fonctionnement.  <\/p>\n\t\t\t\t\t\t\t\t<\/div>\n\t\t\t\t<\/div>\n\t\t\t\t\t<\/div>\n\t\t<\/div>\n\t\t\t\t<div class=\"elementor-column elementor-col-50 elementor-top-column elementor-element elementor-element-9e738e9\" data-id=\"9e738e9\" data-element_type=\"column\" data-e-type=\"column\">\n\t\t\t<div class=\"elementor-widget-wrap elementor-element-populated\">\n\t\t\t\t\t\t<div class=\"elementor-element elementor-element-bab6675 elementor-widget elementor-widget-template\" data-id=\"bab6675\" data-element_type=\"widget\" data-e-type=\"widget\" data-settings=\"{&quot;motion_fx_motion_fx_scrolling&quot;:&quot;yes&quot;,&quot;sticky&quot;:&quot;top&quot;,&quot;sticky_parent&quot;:&quot;yes&quot;,&quot;motion_fx_devices&quot;:[&quot;desktop&quot;,&quot;tablet&quot;,&quot;mobile&quot;],&quot;sticky_on&quot;:[&quot;desktop&quot;,&quot;tablet&quot;,&quot;mobile&quot;],&quot;sticky_offset&quot;:0,&quot;sticky_effects_offset&quot;:0,&quot;sticky_anchor_link_offset&quot;:0}\" data-widget_type=\"template.default\">\n\t\t\t\t<div class=\"elementor-widget-container\">\n\t\t\t\t\t\t\t<div class=\"elementor-template\">\n\t\t\t\t\t<div data-elementor-type=\"archive\" data-elementor-id=\"36447\" class=\"elementor elementor-36447 elementor-34615\" data-elementor-post-type=\"elementor_library\">\n\t\t\t\t\t<section class=\"elementor-section elementor-top-section elementor-element elementor-element-f5256dd elementor-section-boxed elementor-section-height-default elementor-section-height-default\" data-id=\"f5256dd\" data-element_type=\"section\" data-e-type=\"section\" data-settings=\"{&quot;background_background&quot;:&quot;classic&quot;}\">\n\t\t\t\t\t\t<div class=\"elementor-container elementor-column-gap-default\">\n\t\t\t\t\t<div class=\"elementor-column elementor-col-100 elementor-top-column elementor-element elementor-element-de3cf11\" data-id=\"de3cf11\" data-element_type=\"column\" data-e-type=\"column\" data-settings=\"{&quot;background_background&quot;:&quot;classic&quot;}\">\n\t\t\t<div class=\"elementor-widget-wrap elementor-element-populated\">\n\t\t\t\t\t\t<div class=\"elementor-element elementor-element-5068b41 elementor-widget elementor-widget-heading\" data-id=\"5068b41\" data-element_type=\"widget\" data-e-type=\"widget\" data-widget_type=\"heading.default\">\n\t\t\t\t<div class=\"elementor-widget-container\">\n\t\t\t\t\t<h2 class=\"elementor-heading-title elementor-size-default\"><a href=\"#elementor-action%3Aaction%3Dpopup%3Aopen%26settings%3DeyJpZCI6MzY0NDMsInRvZ2dsZSI6ZmFsc2V9\">TOUS NOS ARTICLES<\/a><\/h2>\t\t\t\t<\/div>\n\t\t\t\t<\/div>\n\t\t\t\t\t<\/div>\n\t\t<\/div>\n\t\t\t\t\t<\/div>\n\t\t<\/section>\n\t\t\t\t<section class=\"elementor-section elementor-top-section elementor-element elementor-element-e72263c elementor-section-boxed elementor-section-height-default elementor-section-height-default\" data-id=\"e72263c\" data-element_type=\"section\" data-e-type=\"section\">\n\t\t\t\t\t\t<div class=\"elementor-container elementor-column-gap-default\">\n\t\t\t\t\t<div class=\"elementor-column elementor-col-100 elementor-top-column elementor-element elementor-element-d75c150\" data-id=\"d75c150\" data-element_type=\"column\" data-e-type=\"column\" data-settings=\"{&quot;background_background&quot;:&quot;classic&quot;}\">\n\t\t\t<div class=\"elementor-widget-wrap elementor-element-populated\">\n\t\t\t\t\t\t<div class=\"elementor-element elementor-element-e0c7537 elementor-widget elementor-widget-heading\" data-id=\"e0c7537\" data-element_type=\"widget\" data-e-type=\"widget\" data-widget_type=\"heading.default\">\n\t\t\t\t<div class=\"elementor-widget-container\">\n\t\t\t\t\t<h2 class=\"elementor-heading-title elementor-size-default\">CONSULTATION INITIALE ET DEVIS GRATUITS<\/h2>\t\t\t\t<\/div>\n\t\t\t\t<\/div>\n\t\t\t\t<div class=\"elementor-element elementor-element-a84464a elementor-widget elementor-widget-text-editor\" data-id=\"a84464a\" data-element_type=\"widget\" data-e-type=\"widget\" data-widget_type=\"text-editor.default\">\n\t\t\t\t<div class=\"elementor-widget-container\">\n\t\t\t\t\t\t\t\t\t<p>Contactez-nous pour un sondage gratuit et recevez votre proposition de projet personnalis\u00e9e<\/p>\n\t\t\t\t\t\t\t\t<\/div>\n\t\t\t\t<\/div>\n\t\t\t\t<div class=\"elementor-element elementor-element-82f7bab elementor-button-align-stretch elementor-widget elementor-widget-form\" data-id=\"82f7bab\" data-element_type=\"widget\" data-e-type=\"widget\" data-settings=\"{&quot;step_next_label&quot;:&quot;Prochain&quot;,&quot;step_previous_label&quot;:&quot;Pr\\u00e9c\\u00e9dent&quot;,&quot;button_width&quot;:&quot;100&quot;,&quot;step_type&quot;:&quot;number_text&quot;,&quot;step_icon_shape&quot;:&quot;circle&quot;}\" data-widget_type=\"form.default\">\n\t\t\t\t<div class=\"elementor-widget-container\">\n\t\t\t\t\t\t\t<form class=\"elementor-form\" method=\"post\" name=\"Formulaire de contact\" aria-label=\"Formulaire de contact\">\n\t\t\t<input type=\"hidden\" name=\"post_id\" value=\"36447\"\/>\n\t\t\t<input type=\"hidden\" name=\"form_id\" value=\"82f7bab\"\/>\n\t\t\t<input type=\"hidden\" name=\"referer_title\" value=\"Pergolas en fer ou en aluminium - COVER PROJECT - Outdoor designer Leader in Ticino\" \/>\n\n\t\t\t\t\t\t\t<input type=\"hidden\" name=\"queried_id\" value=\"36523\"\/>\n\t\t\t\n\t\t\t<div class=\"elementor-form-fields-wrapper elementor-labels-\">\n\t\t\t\t\t\t\t\t<div class=\"elementor-field-type-text elementor-field-group elementor-column elementor-field-group-name elementor-col-100 elementor-field-required\">\n\t\t\t\t\t\t\t\t\t\t\t\t<label for=\"form-field-name\" class=\"elementor-field-label elementor-screen-only\">\n\t\t\t\t\t\t\t\tNom\t\t\t\t\t\t\t<\/label>\n\t\t\t\t\t\t\t\t\t\t\t\t\t\t<input size=\"1\" type=\"text\" name=\"form_fields[name]\" id=\"form-field-name\" class=\"elementor-field elementor-size-sm  elementor-field-textual\" placeholder=\"Nom\" required=\"required\">\n\t\t\t\t\t\t\t\t\t\t\t<\/div>\n\t\t\t\t\t\t\t\t<div class=\"elementor-field-type-email elementor-field-group elementor-column elementor-field-group-email elementor-col-100 elementor-field-required\">\n\t\t\t\t\t\t\t\t\t\t\t\t<label for=\"form-field-email\" class=\"elementor-field-label elementor-screen-only\">\n\t\t\t\t\t\t\t\tMessagerie \u00e9lectronique\t\t\t\t\t\t\t<\/label>\n\t\t\t\t\t\t\t\t\t\t\t\t\t\t<input size=\"1\" type=\"email\" name=\"form_fields[email]\" id=\"form-field-email\" class=\"elementor-field elementor-size-sm  elementor-field-textual\" placeholder=\"Messagerie \u00e9lectronique\" required=\"required\">\n\t\t\t\t\t\t\t\t\t\t\t<\/div>\n\t\t\t\t\t\t\t\t<div class=\"elementor-field-type-text elementor-field-group elementor-column elementor-field-group-telefono elementor-col-100 elementor-field-required\">\n\t\t\t\t\t\t\t\t\t\t\t\t<label for=\"form-field-telefono\" class=\"elementor-field-label elementor-screen-only\">\n\t\t\t\t\t\t\t\tT\u00e9l\u00e9phone\t\t\t\t\t\t\t<\/label>\n\t\t\t\t\t\t\t\t\t\t\t\t\t\t<input size=\"1\" type=\"text\" name=\"form_fields[telefono]\" id=\"form-field-telefono\" class=\"elementor-field elementor-size-sm  elementor-field-textual\" placeholder=\"T\u00e9l\u00e9phone\" required=\"required\">\n\t\t\t\t\t\t\t\t\t\t\t<\/div>\n\t\t\t\t\t\t\t\t<div class=\"elementor-field-type-textarea elementor-field-group elementor-column elementor-field-group-field_45f7e58 elementor-col-100 elementor-field-required\">\n\t\t\t\t\t\t\t\t\t\t\t\t<label for=\"form-field-field_45f7e58\" class=\"elementor-field-label elementor-screen-only\">\n\t\t\t\t\t\t\t\tMessage\t\t\t\t\t\t\t<\/label>\n\t\t\t\t\t\t<textarea class=\"elementor-field-textual elementor-field  elementor-size-sm\" name=\"form_fields[field_45f7e58]\" id=\"form-field-field_45f7e58\" rows=\"2\" placeholder=\"Message\" required=\"required\"><\/textarea>\t\t\t\t<\/div>\n\t\t\t\t\t\t\t\t<div class=\"elementor-field-group elementor-column elementor-field-type-submit elementor-col-100 e-form__buttons\">\n\t\t\t\t\t<button class=\"elementor-button elementor-size-sm\" type=\"submit\">\n\t\t\t\t\t\t<span class=\"elementor-button-content-wrapper\">\n\t\t\t\t\t\t\t\t\t\t\t\t\t\t\t\t\t\t\t\t\t\t<span class=\"elementor-button-text\">DEMANDER UN CONSEIL<\/span>\n\t\t\t\t\t\t\t\t\t\t\t\t\t<\/span>\n\t\t\t\t\t<\/button>\n\t\t\t\t<\/div>\n\t\t\t<\/div>\n\t\t<\/form>\n\t\t\t\t\t\t<\/div>\n\t\t\t\t<\/div>\n\t\t\t\t\t<\/div>\n\t\t<\/div>\n\t\t\t\t\t<\/div>\n\t\t<\/section>\n\t\t\t\t<\/div>\n\t\t\t\t<\/div>\n\t\t\t\t\t\t<\/div>\n\t\t\t\t<\/div>\n\t\t\t\t\t<\/div>\n\t\t<\/div>\n\t\t\t\t\t<\/div>\n\t\t<\/section>\n\t\t\t\t<\/div>\n\t\t","protected":false},"excerpt":{"rendered":"<p>ENTRETIEN PERGOLA : D\u00c9COUVREZ NOS PLANS Vous \u00eates \u00e0 la recherche d\u2019une entreprise qui peut vous accompagner m\u00eame apr\u00e8s l\u2019installation de pergolas ? Cover Project est la solution ! Les pergolas bioclimatiques vous permettent de profiter au maximum de vos espaces ext\u00e9rieurs, cependant, \u00e9tant expos\u00e9es aux \u00e9l\u00e9ments, elles n\u00e9cessitent un entretien minutieux et constant. Pour [&hellip;]<\/p>\n","protected":false},"author":6,"featured_media":0,"parent":0,"menu_order":0,"comment_status":"closed","ping_status":"closed","template":"","meta":{"footnotes":""},"class_list":["post-36543","page","type-page","status-publish","hentry"],"_links":{"self":[{"href":"https:\/\/coverproject.ch\/fr\/wp-json\/wp\/v2\/pages\/36543","targetHints":{"allow":["GET"]}}],"collection":[{"href":"https:\/\/coverproject.ch\/fr\/wp-json\/wp\/v2\/pages"}],"about":[{"href":"https:\/\/coverproject.ch\/fr\/wp-json\/wp\/v2\/types\/page"}],"author":[{"embeddable":true,"href":"https:\/\/coverproject.ch\/fr\/wp-json\/wp\/v2\/users\/6"}],"replies":[{"embeddable":true,"href":"https:\/\/coverproject.ch\/fr\/wp-json\/wp\/v2\/comments?post=36543"}],"version-history":[{"count":0,"href":"https:\/\/coverproject.ch\/fr\/wp-json\/wp\/v2\/pages\/36543\/revisions"}],"wp:attachment":[{"href":"https:\/\/coverproject.ch\/fr\/wp-json\/wp\/v2\/media?parent=36543"}],"curies":[{"name":"wp","href":"https:\/\/api.w.org\/{rel}","templated":true}]}}