{"id":36540,"date":"2024-08-12T15:18:44","date_gmt":"2024-08-12T13:18:44","guid":{"rendered":"https:\/\/coverproject.ch\/terrasse-et-toiture-exterieure\/"},"modified":"2024-08-12T15:20:53","modified_gmt":"2024-08-12T13:20:53","slug":"terrasse-et-toiture-exterieure","status":"publish","type":"page","link":"https:\/\/coverproject.ch\/fr\/terrasse-et-toiture-exterieure\/","title":{"rendered":"Terrasse et toiture ext\u00e9rieure"},"content":{"rendered":"\t\t<div data-elementor-type=\"wp-page\" data-elementor-id=\"36540\" class=\"elementor elementor-36540 elementor-29612\" data-elementor-post-type=\"page\">\n\t\t\t\t\t\t<section class=\"elementor-section elementor-top-section elementor-element elementor-element-6bf2c61e elementor-section-boxed elementor-section-height-default elementor-section-height-default\" data-id=\"6bf2c61e\" data-element_type=\"section\" data-e-type=\"section\">\n\t\t\t\t\t\t<div class=\"elementor-container elementor-column-gap-default\">\n\t\t\t\t\t<div class=\"elementor-column elementor-col-50 elementor-top-column elementor-element elementor-element-14c64ce7\" data-id=\"14c64ce7\" data-element_type=\"column\" data-e-type=\"column\">\n\t\t\t<div class=\"elementor-widget-wrap elementor-element-populated\">\n\t\t\t\t\t\t<div class=\"elementor-element elementor-element-442dfc8 elementor-widget elementor-widget-heading\" data-id=\"442dfc8\" data-element_type=\"widget\" data-e-type=\"widget\" data-widget_type=\"heading.default\">\n\t\t\t\t<div class=\"elementor-widget-container\">\n\t\t\t\t\t<h1 class=\"elementor-heading-title elementor-size-default\">TOITURES POUR TERRASSES ET EXT\u00c9RIEURS<span style=\"font-size: 2.1111111111111rem;font-weight: 800;text-transform: inherit\"><\/span><\/h1>\t\t\t\t<\/div>\n\t\t\t\t<\/div>\n\t\t\t\t<div class=\"elementor-element elementor-element-ea98c3f elementor-widget elementor-widget-text-editor\" data-id=\"ea98c3f\" data-element_type=\"widget\" data-e-type=\"widget\" data-widget_type=\"text-editor.default\">\n\t\t\t\t<div class=\"elementor-widget-container\">\n\t\t\t\t\t\t\t\t\t<p>Vous \u00eates \u00e0 la recherche d\u2019une entreprise sp\u00e9cialis\u00e9e dans la production de <strong>couvertures de terrasse<\/strong> ?<br \/>\nNous avons <strong>de nombreuses solutions pour les ext\u00e9rieurs<\/strong>, d\u00e9couvrez-en plus en visitant le site web. <br \/><a href=\"http:\/\/coverproject.ch\/\" target=\"_blank\" rel=\"noopener\">D\u00c9COUVREZ TOUTES LES SOLUTIONS<\/a><\/p>\n\t\t\t\t\t\t\t\t<\/div>\n\t\t\t\t<\/div>\n\t\t\t\t<section class=\"elementor-section elementor-inner-section elementor-element elementor-element-6dacb002 elementor-section-boxed elementor-section-height-default elementor-section-height-default\" data-id=\"6dacb002\" data-element_type=\"section\" data-e-type=\"section\">\n\t\t\t\t\t\t<div class=\"elementor-container elementor-column-gap-default\">\n\t\t\t\t\t<div class=\"elementor-column elementor-col-100 elementor-inner-column elementor-element elementor-element-19c4ab6b\" data-id=\"19c4ab6b\" data-element_type=\"column\" data-e-type=\"column\">\n\t\t\t<div class=\"elementor-widget-wrap elementor-element-populated\">\n\t\t\t\t\t\t<div class=\"elementor-element elementor-element-3609547c elementor-widget elementor-widget-heading\" data-id=\"3609547c\" data-element_type=\"widget\" data-e-type=\"widget\" data-widget_type=\"heading.default\">\n\t\t\t\t<div class=\"elementor-widget-container\">\n\t\t\t\t\t<h2 class=\"elementor-heading-title elementor-size-default\">TOITURES POUR TERRASSES ET EXT\u00c9RIEURS<\/h2>\t\t\t\t<\/div>\n\t\t\t\t<\/div>\n\t\t\t\t<div class=\"elementor-element elementor-element-2bfd9a6e elementor-widget elementor-widget-text-editor\" data-id=\"2bfd9a6e\" data-element_type=\"widget\" data-e-type=\"widget\" data-widget_type=\"text-editor.default\">\n\t\t\t\t<div class=\"elementor-widget-container\">\n\t\t\t\t\t\t\t\t\t<p>Si vous avez toujours \u00e9t\u00e9 \u00e0 la recherche <strong>d\u2019une entreprise leader dans la production de rev\u00eatements ext\u00e9rieurs<\/strong> afin de pouvoir donner une nouvelle vie aux terrasses et aux jardins, alors vous l\u2019avez enfin trouv\u00e9e !<br \/>\nModulaires, fonctionnelles et extr\u00eamement faciles \u00e0 entretenir, nos housses sauront s\u2019adapter parfaitement \u00e0 vos ext\u00e9rieurs, d\u00e9couvrons pourquoi&#8230; <\/p>\n\t\t\t\t\t\t\t\t<\/div>\n\t\t\t\t<\/div>\n\t\t\t\t<div class=\"elementor-element elementor-element-52f17ade elementor-widget elementor-widget-heading\" data-id=\"52f17ade\" data-element_type=\"widget\" data-e-type=\"widget\" data-widget_type=\"heading.default\">\n\t\t\t\t<div class=\"elementor-widget-container\">\n\t\t\t\t\t<h2 class=\"elementor-heading-title elementor-size-default\">NOUS DISPOSONS DE COUVERTURES EXT\u00c9RIEURES QUI PEUVENT \u00c9GALEMENT \u00caTRE ADAPT\u00c9ES AUX TERRASSES  <\/h2>\t\t\t\t<\/div>\n\t\t\t\t<\/div>\n\t\t\t\t<div class=\"elementor-element elementor-element-190498dd elementor-widget elementor-widget-text-editor\" data-id=\"190498dd\" data-element_type=\"widget\" data-e-type=\"widget\" data-widget_type=\"text-editor.default\">\n\t\t\t\t<div class=\"elementor-widget-container\">\n\t\t\t\t\t\t\t\t\t<p>Les solutions ext\u00e9rieures de Cover Project sont optimales pour profiter pleinement de <strong>vos espaces verts<\/strong>.<br \/>\nLes v\u00e9randas, les pergolas et les porches sont particuli\u00e8rement adapt\u00e9s \u00e0 un climat tel que celui de la Suisse caract\u00e9ris\u00e9 par des pr\u00e9cipitations soudaines ou intenses pendant les mois d\u2019hiver.<br \/>Gr\u00e2ce \u00e0 nos solutions, vous pourrez vous d\u00e9tendre en toute tranquillit\u00e9 sur votre terrasse ou dans le jardin m\u00eame en plein hiver.<br \/>\nEt si vous \u00eates propri\u00e9taire d\u2019un <strong>commerce <\/strong>tel qu\u2019un restaurant ou un h\u00f4tel, <strong>vous pouvez donner de nouvelles \u00e9motions \u00e0 vos invit\u00e9s <\/strong>en leur permettant de profiter de vos services immerg\u00e9s dans le panorama qui s\u2019offre \u00e0 vous !  <\/p>\n\t\t\t\t\t\t\t\t<\/div>\n\t\t\t\t<\/div>\n\t\t\t\t<div class=\"elementor-element elementor-element-cb80279 elementor-widget elementor-widget-heading\" data-id=\"cb80279\" data-element_type=\"widget\" data-e-type=\"widget\" data-widget_type=\"heading.default\">\n\t\t\t\t<div class=\"elementor-widget-container\">\n\t\t\t\t\t<h2 class=\"elementor-heading-title elementor-size-default\">POURQUOI CHOISIR UNE COUVERTURE EXT\u00c9RIEURE ?<\/h2>\t\t\t\t<\/div>\n\t\t\t\t<\/div>\n\t\t\t\t<div class=\"elementor-element elementor-element-3937aba2 elementor-widget elementor-widget-text-editor\" data-id=\"3937aba2\" data-element_type=\"widget\" data-e-type=\"widget\" data-widget_type=\"text-editor.default\">\n\t\t\t\t<div class=\"elementor-widget-container\">\n\t\t\t\t\t\t\t\t\t<p>Nous cr\u00e9ons <strong>des toitures de toutes sortes<\/strong>, adaptables \u00e0 toutes les situations, des rev\u00eatements ext\u00e9rieurs fixes ou mobiles, classiques en bois ou avec un style attrayant et moderne gr\u00e2ce \u00e0 l\u2019utilisation de l\u2019aluminium ou du fer.<br \/>\n<strong>Les fermetures lat\u00e9rales augmenteront encore la flexibilit\u00e9 de votre toit<\/strong>, vous pouvez en effet d\u00e9cider de garder votre terrasse compl\u00e8tement ouverte ou de la fermer gr\u00e2ce \u00e0 la possibilit\u00e9 d\u2019installer des fen\u00eatres et des syst\u00e8mes de fermeture coulissants capables de limiter au maximum le gaspillage d\u2019\u00e9nergie et d\u2019apporter une isolation acoustique ad\u00e9quate \u00e0 la structure.<br \/>\n<strong>De nombreuses couleurs et formes vous attendent<\/strong>, nous saurons concevoir et cr\u00e9er pour vous une toiture qui pourra parfaitement suivre les lignes architecturales de votre propri\u00e9t\u00e9 et se connecter naturellement avec votre jardin ou votre terrasse  <\/p>\n\t\t\t\t\t\t\t\t<\/div>\n\t\t\t\t<\/div>\n\t\t\t\t<div class=\"elementor-element elementor-element-5648fbd2 elementor-widget elementor-widget-heading\" data-id=\"5648fbd2\" data-element_type=\"widget\" data-e-type=\"widget\" data-widget_type=\"heading.default\">\n\t\t\t\t<div class=\"elementor-widget-container\">\n\t\t\t\t\t<h2 class=\"elementor-heading-title elementor-size-default\">Projet de couverture : LES ARTISANS DE LA TOITURE EXT\u00c9RIEURE<\/h2>\t\t\t\t<\/div>\n\t\t\t\t<\/div>\n\t\t\t\t<div class=\"elementor-element elementor-element-1af9a4d6 elementor-widget elementor-widget-text-editor\" data-id=\"1af9a4d6\" data-element_type=\"widget\" data-e-type=\"widget\" data-widget_type=\"text-editor.default\">\n\t\t\t\t<div class=\"elementor-widget-container\">\n\t\t\t\t\t\t\t\t\t<p>Chez Cover <span style=\"font-size: 18px; font-style: normal; font-weight: 300;\">Project<\/span> , nous travaillons avec des particuliers et des entreprises dans toute la Suisse, mais <strong>notre si\u00e8ge social se trouve \u00e0 Lugano, dans le canton du Tessin<\/strong>.<br \/>\nAvec nous, vous pouvez donner forme \u00e0 vos id\u00e9es, nous vous suivrons et nous serons \u00e0 vos c\u00f4t\u00e9s \u00e9tape par \u00e9tape dans la conception et la construction de la v\u00e9randa ou de la pergola de vos r\u00eaves.<br \/>\nAvec nos<strong> rev\u00eatements ext\u00e9rieurs, vos coins verts s\u2019\u00e9panouiront \u00e0 nouveau<\/strong> et votre terrasse attirera les regards admirables des voisins et des envieux de la concurrence.<br \/>\nChoisissez <strong>le professionnalisme et l\u2019exp\u00e9rience<\/strong>, choisissez la cr\u00e9ativit\u00e9 et la passion, choisissez Cover <span style=\"font-size: 18px; font-style: normal; font-weight: 300;\">Project<\/span> !   <\/p>\n\t\t\t\t\t\t\t\t<\/div>\n\t\t\t\t<\/div>\n\t\t\t\t<div class=\"elementor-element elementor-element-282e30c elementor-widget elementor-widget-heading\" data-id=\"282e30c\" data-element_type=\"widget\" data-e-type=\"widget\" data-widget_type=\"heading.default\">\n\t\t\t\t<div class=\"elementor-widget-container\">\n\t\t\t\t\t<h2 class=\"elementor-heading-title elementor-size-default\">COUVERTURES DE TERRASSE ET D\u2019EXT\u00c9RIEUR DANS DE NOMBREUSES COULEURS ET FORMES<\/h2>\t\t\t\t<\/div>\n\t\t\t\t<\/div>\n\t\t\t\t<div class=\"elementor-element elementor-element-d9488cd elementor-widget elementor-widget-text-editor\" data-id=\"d9488cd\" data-element_type=\"widget\" data-e-type=\"widget\" data-widget_type=\"text-editor.default\">\n\t\t\t\t<div class=\"elementor-widget-container\">\n\t\t\t\t\t\t\t\t\t<p><strong>De nombreux coloris et finitions disponibles pour satisfaire tous les go\u00fbts<\/strong>.<br \/>\nChaque d\u00e9tail peut \u00eatre soign\u00e9 avec une pr\u00e9cision absolue.<br \/>\nPr\u00e9f\u00e9rez-vous une structure unicolore, bicolore ou avec un m\u00e9lange de contrastes capables de la mettre en valeur dans l\u2019environnement environnant ?<br \/>\nDans <strong>tous les cas, le produit final pourra tirer le meilleur parti de la structure<\/strong> , en vous offrant un espace de vie pour que vous puissiez profiter des plaisirs de l\u2019ext\u00e9rieur \u00e0 tout moment de l\u2019ann\u00e9e.<br \/>\nVous pouvez toujours compter sur un produit technologiquement avanc\u00e9, s\u00fbr, moderne et fiable. <strong>Vous toucherez \u00e0 la qualit\u00e9 des mat\u00e9riaux utilis\u00e9s et vous profiterez<\/strong> pleinement des \u00e9conomies d\u2019\u00e9nergie et \u00e9conomiques que leur utilisation entra\u00eene. <strong>Ne comptez que sur de vrais experts<\/strong>, car nos techniciens suivront votre projet \u00e9tape par \u00e9tape, en apportant les modifications appropri\u00e9es pendant les travaux si n\u00e9cessaire.    <\/p>\n\t\t\t\t\t\t\t\t<\/div>\n\t\t\t\t<\/div>\n\t\t\t\t\t<\/div>\n\t\t<\/div>\n\t\t\t\t\t<\/div>\n\t\t<\/section>\n\t\t\t\t\t<\/div>\n\t\t<\/div>\n\t\t\t\t<div class=\"elementor-column elementor-col-50 elementor-top-column elementor-element elementor-element-6c942aa\" data-id=\"6c942aa\" data-element_type=\"column\" data-e-type=\"column\">\n\t\t\t<div class=\"elementor-widget-wrap elementor-element-populated\">\n\t\t\t\t\t\t<div class=\"elementor-element elementor-element-b3a4f32 elementor-widget elementor-widget-template\" data-id=\"b3a4f32\" data-element_type=\"widget\" data-e-type=\"widget\" data-settings=\"{&quot;motion_fx_motion_fx_scrolling&quot;:&quot;yes&quot;,&quot;sticky&quot;:&quot;top&quot;,&quot;sticky_parent&quot;:&quot;yes&quot;,&quot;motion_fx_devices&quot;:[&quot;desktop&quot;,&quot;tablet&quot;,&quot;mobile&quot;],&quot;sticky_on&quot;:[&quot;desktop&quot;,&quot;tablet&quot;,&quot;mobile&quot;],&quot;sticky_offset&quot;:0,&quot;sticky_effects_offset&quot;:0,&quot;sticky_anchor_link_offset&quot;:0}\" data-widget_type=\"template.default\">\n\t\t\t\t<div class=\"elementor-widget-container\">\n\t\t\t\t\t\t\t<div class=\"elementor-template\">\n\t\t\t\t\t<div data-elementor-type=\"archive\" data-elementor-id=\"36447\" class=\"elementor elementor-36447 elementor-34615\" data-elementor-post-type=\"elementor_library\">\n\t\t\t\t\t<section class=\"elementor-section elementor-top-section elementor-element elementor-element-f5256dd elementor-section-boxed elementor-section-height-default elementor-section-height-default\" data-id=\"f5256dd\" data-element_type=\"section\" data-e-type=\"section\" data-settings=\"{&quot;background_background&quot;:&quot;classic&quot;}\">\n\t\t\t\t\t\t<div class=\"elementor-container elementor-column-gap-default\">\n\t\t\t\t\t<div class=\"elementor-column elementor-col-100 elementor-top-column elementor-element elementor-element-de3cf11\" data-id=\"de3cf11\" data-element_type=\"column\" data-e-type=\"column\" data-settings=\"{&quot;background_background&quot;:&quot;classic&quot;}\">\n\t\t\t<div class=\"elementor-widget-wrap elementor-element-populated\">\n\t\t\t\t\t\t<div class=\"elementor-element elementor-element-5068b41 elementor-widget elementor-widget-heading\" data-id=\"5068b41\" data-element_type=\"widget\" data-e-type=\"widget\" data-widget_type=\"heading.default\">\n\t\t\t\t<div class=\"elementor-widget-container\">\n\t\t\t\t\t<h2 class=\"elementor-heading-title elementor-size-default\"><a href=\"#elementor-action%3Aaction%3Dpopup%3Aopen%26settings%3DeyJpZCI6MzY0NDMsInRvZ2dsZSI6ZmFsc2V9\">TOUS NOS ARTICLES<\/a><\/h2>\t\t\t\t<\/div>\n\t\t\t\t<\/div>\n\t\t\t\t\t<\/div>\n\t\t<\/div>\n\t\t\t\t\t<\/div>\n\t\t<\/section>\n\t\t\t\t<section class=\"elementor-section elementor-top-section elementor-element elementor-element-e72263c elementor-section-boxed elementor-section-height-default elementor-section-height-default\" data-id=\"e72263c\" data-element_type=\"section\" data-e-type=\"section\">\n\t\t\t\t\t\t<div class=\"elementor-container elementor-column-gap-default\">\n\t\t\t\t\t<div class=\"elementor-column elementor-col-100 elementor-top-column elementor-element elementor-element-d75c150\" data-id=\"d75c150\" data-element_type=\"column\" data-e-type=\"column\" data-settings=\"{&quot;background_background&quot;:&quot;classic&quot;}\">\n\t\t\t<div class=\"elementor-widget-wrap elementor-element-populated\">\n\t\t\t\t\t\t<div class=\"elementor-element elementor-element-e0c7537 elementor-widget elementor-widget-heading\" data-id=\"e0c7537\" data-element_type=\"widget\" data-e-type=\"widget\" data-widget_type=\"heading.default\">\n\t\t\t\t<div class=\"elementor-widget-container\">\n\t\t\t\t\t<h2 class=\"elementor-heading-title elementor-size-default\">CONSULTATION INITIALE ET DEVIS GRATUITS<\/h2>\t\t\t\t<\/div>\n\t\t\t\t<\/div>\n\t\t\t\t<div class=\"elementor-element elementor-element-a84464a elementor-widget elementor-widget-text-editor\" data-id=\"a84464a\" data-element_type=\"widget\" data-e-type=\"widget\" data-widget_type=\"text-editor.default\">\n\t\t\t\t<div class=\"elementor-widget-container\">\n\t\t\t\t\t\t\t\t\t<p>Contactez-nous pour un sondage gratuit et recevez votre proposition de projet personnalis\u00e9e<\/p>\n\t\t\t\t\t\t\t\t<\/div>\n\t\t\t\t<\/div>\n\t\t\t\t<div class=\"elementor-element elementor-element-82f7bab elementor-button-align-stretch elementor-widget elementor-widget-form\" data-id=\"82f7bab\" data-element_type=\"widget\" data-e-type=\"widget\" data-settings=\"{&quot;step_next_label&quot;:&quot;Prochain&quot;,&quot;step_previous_label&quot;:&quot;Pr\\u00e9c\\u00e9dent&quot;,&quot;button_width&quot;:&quot;100&quot;,&quot;step_type&quot;:&quot;number_text&quot;,&quot;step_icon_shape&quot;:&quot;circle&quot;}\" data-widget_type=\"form.default\">\n\t\t\t\t<div class=\"elementor-widget-container\">\n\t\t\t\t\t\t\t<form class=\"elementor-form\" method=\"post\" name=\"Formulaire de contact\" aria-label=\"Formulaire de contact\">\n\t\t\t<input type=\"hidden\" name=\"post_id\" value=\"36447\"\/>\n\t\t\t<input type=\"hidden\" name=\"form_id\" value=\"82f7bab\"\/>\n\t\t\t<input type=\"hidden\" name=\"referer_title\" value=\"Pergolas coulissantes - COVER PROJECT - Designer d&#039;ext\u00e9rieur Leader au Tessin\" \/>\n\n\t\t\t\t\t\t\t<input type=\"hidden\" name=\"queried_id\" value=\"36439\"\/>\n\t\t\t\n\t\t\t<div class=\"elementor-form-fields-wrapper elementor-labels-\">\n\t\t\t\t\t\t\t\t<div class=\"elementor-field-type-text elementor-field-group elementor-column elementor-field-group-name elementor-col-100 elementor-field-required\">\n\t\t\t\t\t\t\t\t\t\t\t\t<label for=\"form-field-name\" class=\"elementor-field-label elementor-screen-only\">\n\t\t\t\t\t\t\t\tNom\t\t\t\t\t\t\t<\/label>\n\t\t\t\t\t\t\t\t\t\t\t\t\t\t<input size=\"1\" type=\"text\" name=\"form_fields[name]\" id=\"form-field-name\" class=\"elementor-field elementor-size-sm  elementor-field-textual\" placeholder=\"Nom\" required=\"required\">\n\t\t\t\t\t\t\t\t\t\t\t<\/div>\n\t\t\t\t\t\t\t\t<div class=\"elementor-field-type-email elementor-field-group elementor-column elementor-field-group-email elementor-col-100 elementor-field-required\">\n\t\t\t\t\t\t\t\t\t\t\t\t<label for=\"form-field-email\" class=\"elementor-field-label elementor-screen-only\">\n\t\t\t\t\t\t\t\tMessagerie \u00e9lectronique\t\t\t\t\t\t\t<\/label>\n\t\t\t\t\t\t\t\t\t\t\t\t\t\t<input size=\"1\" type=\"email\" name=\"form_fields[email]\" id=\"form-field-email\" class=\"elementor-field elementor-size-sm  elementor-field-textual\" placeholder=\"Messagerie \u00e9lectronique\" required=\"required\">\n\t\t\t\t\t\t\t\t\t\t\t<\/div>\n\t\t\t\t\t\t\t\t<div class=\"elementor-field-type-text elementor-field-group elementor-column elementor-field-group-telefono elementor-col-100 elementor-field-required\">\n\t\t\t\t\t\t\t\t\t\t\t\t<label for=\"form-field-telefono\" class=\"elementor-field-label elementor-screen-only\">\n\t\t\t\t\t\t\t\tT\u00e9l\u00e9phone\t\t\t\t\t\t\t<\/label>\n\t\t\t\t\t\t\t\t\t\t\t\t\t\t<input size=\"1\" type=\"text\" name=\"form_fields[telefono]\" id=\"form-field-telefono\" class=\"elementor-field elementor-size-sm  elementor-field-textual\" placeholder=\"T\u00e9l\u00e9phone\" required=\"required\">\n\t\t\t\t\t\t\t\t\t\t\t<\/div>\n\t\t\t\t\t\t\t\t<div class=\"elementor-field-type-textarea elementor-field-group elementor-column elementor-field-group-field_45f7e58 elementor-col-100 elementor-field-required\">\n\t\t\t\t\t\t\t\t\t\t\t\t<label for=\"form-field-field_45f7e58\" class=\"elementor-field-label elementor-screen-only\">\n\t\t\t\t\t\t\t\tMessage\t\t\t\t\t\t\t<\/label>\n\t\t\t\t\t\t<textarea class=\"elementor-field-textual elementor-field  elementor-size-sm\" name=\"form_fields[field_45f7e58]\" id=\"form-field-field_45f7e58\" rows=\"2\" placeholder=\"Message\" required=\"required\"><\/textarea>\t\t\t\t<\/div>\n\t\t\t\t\t\t\t\t<div class=\"elementor-field-group elementor-column elementor-field-type-submit elementor-col-100 e-form__buttons\">\n\t\t\t\t\t<button class=\"elementor-button elementor-size-sm\" type=\"submit\">\n\t\t\t\t\t\t<span class=\"elementor-button-content-wrapper\">\n\t\t\t\t\t\t\t\t\t\t\t\t\t\t\t\t\t\t\t\t\t\t<span class=\"elementor-button-text\">DEMANDER UN CONSEIL<\/span>\n\t\t\t\t\t\t\t\t\t\t\t\t\t<\/span>\n\t\t\t\t\t<\/button>\n\t\t\t\t<\/div>\n\t\t\t<\/div>\n\t\t<\/form>\n\t\t\t\t\t\t<\/div>\n\t\t\t\t<\/div>\n\t\t\t\t\t<\/div>\n\t\t<\/div>\n\t\t\t\t\t<\/div>\n\t\t<\/section>\n\t\t\t\t<\/div>\n\t\t\t\t<\/div>\n\t\t\t\t\t\t<\/div>\n\t\t\t\t<\/div>\n\t\t\t\t\t<\/div>\n\t\t<\/div>\n\t\t\t\t\t<\/div>\n\t\t<\/section>\n\t\t\t\t<section class=\"elementor-section elementor-top-section elementor-element elementor-element-9f3ee65 elementor-section-full_width elementor-section-stretched elementor-section-height-default elementor-section-height-default\" data-id=\"9f3ee65\" data-element_type=\"section\" data-e-type=\"section\" data-settings=\"{&quot;stretch_section&quot;:&quot;section-stretched&quot;}\">\n\t\t\t\t\t\t<div class=\"elementor-container elementor-column-gap-default\">\n\t\t\t\t\t<div class=\"elementor-column elementor-col-100 elementor-top-column elementor-element elementor-element-0b6b727\" data-id=\"0b6b727\" data-element_type=\"column\" data-e-type=\"column\">\n\t\t\t<div class=\"elementor-widget-wrap elementor-element-populated\">\n\t\t\t\t\t\t\t<\/div>\n\t\t<\/div>\n\t\t\t\t\t<\/div>\n\t\t<\/section>\n\t\t\t\t<\/div>\n\t\t","protected":false},"excerpt":{"rendered":"<p>TOITURES POUR TERRASSES ET EXT\u00c9RIEURS Vous \u00eates \u00e0 la recherche d\u2019une entreprise sp\u00e9cialis\u00e9e dans la production de couvertures de terrasse ? Nous avons de nombreuses solutions pour les ext\u00e9rieurs, d\u00e9couvrez-en plus en visitant le site web. D\u00c9COUVREZ TOUTES LES SOLUTIONS TOITURES POUR TERRASSES ET EXT\u00c9RIEURS Si vous avez toujours \u00e9t\u00e9 \u00e0 la recherche d\u2019une entreprise [&hellip;]<\/p>\n","protected":false},"author":6,"featured_media":0,"parent":0,"menu_order":0,"comment_status":"closed","ping_status":"closed","template":"","meta":{"footnotes":""},"class_list":["post-36540","page","type-page","status-publish","hentry"],"_links":{"self":[{"href":"https:\/\/coverproject.ch\/fr\/wp-json\/wp\/v2\/pages\/36540","targetHints":{"allow":["GET"]}}],"collection":[{"href":"https:\/\/coverproject.ch\/fr\/wp-json\/wp\/v2\/pages"}],"about":[{"href":"https:\/\/coverproject.ch\/fr\/wp-json\/wp\/v2\/types\/page"}],"author":[{"embeddable":true,"href":"https:\/\/coverproject.ch\/fr\/wp-json\/wp\/v2\/users\/6"}],"replies":[{"embeddable":true,"href":"https:\/\/coverproject.ch\/fr\/wp-json\/wp\/v2\/comments?post=36540"}],"version-history":[{"count":0,"href":"https:\/\/coverproject.ch\/fr\/wp-json\/wp\/v2\/pages\/36540\/revisions"}],"wp:attachment":[{"href":"https:\/\/coverproject.ch\/fr\/wp-json\/wp\/v2\/media?parent=36540"}],"curies":[{"name":"wp","href":"https:\/\/api.w.org\/{rel}","templated":true}]}}