{"id":36528,"date":"2024-08-12T15:18:40","date_gmt":"2024-08-12T13:18:40","guid":{"rendered":"https:\/\/coverproject.ch\/pergolas-autoportantes-en-suisse\/"},"modified":"2024-08-12T15:20:45","modified_gmt":"2024-08-12T13:20:45","slug":"pergolas-autoportantes-en-suisse","status":"publish","type":"page","link":"https:\/\/coverproject.ch\/fr\/pergolas-autoportantes-en-suisse\/","title":{"rendered":"Pergolas autoportantes en Suisse"},"content":{"rendered":"\t\t<div data-elementor-type=\"wp-page\" data-elementor-id=\"36528\" class=\"elementor elementor-36528 elementor-29701\" data-elementor-post-type=\"page\">\n\t\t\t\t\t\t<section class=\"elementor-section elementor-top-section elementor-element elementor-element-30a1ac03 elementor-section-boxed elementor-section-height-default elementor-section-height-default\" data-id=\"30a1ac03\" data-element_type=\"section\" data-e-type=\"section\">\n\t\t\t\t\t\t<div class=\"elementor-container elementor-column-gap-default\">\n\t\t\t\t\t<div class=\"elementor-column elementor-col-50 elementor-top-column elementor-element elementor-element-561a00c3\" data-id=\"561a00c3\" data-element_type=\"column\" data-e-type=\"column\">\n\t\t\t<div class=\"elementor-widget-wrap elementor-element-populated\">\n\t\t\t\t\t\t<div class=\"elementor-element elementor-element-23b975e elementor-widget elementor-widget-image\" data-id=\"23b975e\" data-element_type=\"widget\" data-e-type=\"widget\" data-widget_type=\"image.default\">\n\t\t\t\t<div class=\"elementor-widget-container\">\n\t\t\t\t\t\t\t\t\t\t\t\t\t\t\t<img fetchpriority=\"high\" decoding=\"async\" width=\"1024\" height=\"487\" src=\"https:\/\/coverproject.ch\/wp-content\/uploads\/pergole-autoportanti.webp\" class=\"attachment-large size-large wp-image-36257\" alt=\"\" srcset=\"https:\/\/coverproject.ch\/wp-content\/uploads\/pergole-autoportanti.webp 1024w, https:\/\/coverproject.ch\/wp-content\/uploads\/pergole-autoportanti-768x365.webp 768w\" sizes=\"(max-width: 1024px) 100vw, 1024px\" \/>\t\t\t\t\t\t\t\t\t\t\t\t\t\t\t<\/div>\n\t\t\t\t<\/div>\n\t\t\t\t<div class=\"elementor-element elementor-element-6460a46f elementor-widget elementor-widget-heading\" data-id=\"6460a46f\" data-element_type=\"widget\" data-e-type=\"widget\" data-widget_type=\"heading.default\">\n\t\t\t\t<div class=\"elementor-widget-container\">\n\t\t\t\t\t<h1 class=\"elementor-heading-title elementor-size-default\">PERGOLAS AUTOPORTANTES EN SUISSE<span style=\"font-size: 2.1111111111111rem;font-weight: 800;text-transform: inherit\"><\/span><\/h1>\t\t\t\t<\/div>\n\t\t\t\t<\/div>\n\t\t\t\t<div class=\"elementor-element elementor-element-57a52e6 elementor-widget elementor-widget-text-editor\" data-id=\"57a52e6\" data-element_type=\"widget\" data-e-type=\"widget\" data-widget_type=\"text-editor.default\">\n\t\t\t\t<div class=\"elementor-widget-container\">\n\t\t\t\t\t\t\t\t\t<p>D\u00e9couvrez les avantages des <strong>pergolas autoportantes Cover Project<\/strong> et profitez pleinement des bienfaits de la vie en plein air !<span style=\"font-size: 18px; font-style: normal; font-weight: 300;\"><br \/>\nTant d\u2019avantages pour vous, lisez la suite&#8230;<\/span> <\/p>\n\t\t\t\t\t\t\t\t<\/div>\n\t\t\t\t<\/div>\n\t\t\t\t<section class=\"elementor-section elementor-inner-section elementor-element elementor-element-401e87c elementor-section-boxed elementor-section-height-default elementor-section-height-default\" data-id=\"401e87c\" data-element_type=\"section\" data-e-type=\"section\">\n\t\t\t\t\t\t<div class=\"elementor-container elementor-column-gap-default\">\n\t\t\t\t\t<div class=\"elementor-column elementor-col-100 elementor-inner-column elementor-element elementor-element-d48f00d\" data-id=\"d48f00d\" data-element_type=\"column\" data-e-type=\"column\">\n\t\t\t<div class=\"elementor-widget-wrap elementor-element-populated\">\n\t\t\t\t\t\t<div class=\"elementor-element elementor-element-684c46da elementor-widget elementor-widget-heading\" data-id=\"684c46da\" data-element_type=\"widget\" data-e-type=\"widget\" data-widget_type=\"heading.default\">\n\t\t\t\t<div class=\"elementor-widget-container\">\n\t\t\t\t\t<h2 class=\"elementor-heading-title elementor-size-default\">LES MEILLEURES PERGOLAS AUTOPORTANTES<\/h2>\t\t\t\t<\/div>\n\t\t\t\t<\/div>\n\t\t\t\t<div class=\"elementor-element elementor-element-59c2d8a5 elementor-widget elementor-widget-text-editor\" data-id=\"59c2d8a5\" data-element_type=\"widget\" data-e-type=\"widget\" data-widget_type=\"text-editor.default\">\n\t\t\t\t<div class=\"elementor-widget-container\">\n\t\t\t\t\t\t\t\t\t<p>Pourquoi limiter votre espace ?<br \/>\nVous profitez de vos espaces verts tout au long de l\u2019ann\u00e9e ?<br \/>\nGr\u00e2ce \u00e0 nos <strong>pergolas autoportantes,<\/strong> vous pouvez donner forme \u00e0 vos id\u00e9es et \u00e9riger <strong>de v\u00e9ritables architectures ext\u00e9rieures<\/strong> capables d\u2019allier fonctionnalit\u00e9 et esth\u00e9tique en une seule cr\u00e9ation. <strong>Profitez confortablement des espaces ext\u00e9rieurs de votre maison ou de votre entreprise<\/strong>, ne vous privez pas des merveilles de la nature et des vues qui entourent le canton du Tessin et toute notre Suisse bien-aim\u00e9e.<br \/>\nLisez la suite et vous d\u00e9couvrirez comment&#8230;   <\/p>\n\t\t\t\t\t\t\t\t<\/div>\n\t\t\t\t<\/div>\n\t\t\t\t<div class=\"elementor-element elementor-element-6a42e0f9 elementor-widget elementor-widget-heading\" data-id=\"6a42e0f9\" data-element_type=\"widget\" data-e-type=\"widget\" data-widget_type=\"heading.default\">\n\t\t\t\t<div class=\"elementor-widget-container\">\n\t\t\t\t\t<h2 class=\"elementor-heading-title elementor-size-default\">QU\u2019EST-CE QU\u2019UNE PERGOLA AUTOPORTANTE<\/h2>\t\t\t\t<\/div>\n\t\t\t\t<\/div>\n\t\t\t\t<div class=\"elementor-element elementor-element-3bfacb73 elementor-widget elementor-widget-text-editor\" data-id=\"3bfacb73\" data-element_type=\"widget\" data-e-type=\"widget\" data-widget_type=\"text-editor.default\">\n\t\t\t\t<div class=\"elementor-widget-container\">\n\t\t\t\t\t\t\t\t\t<p><strong>Les pergolas autoportantes<\/strong> sont des r\u00e9alisations architecturales capables d\u2019offrir une <strong>couverture et une protection contre les agents atmosph\u00e9riques<\/strong> \u00e0 une surface externe de la propri\u00e9t\u00e9.<br \/>\nLeur <strong>particularit\u00e9 est qu\u2019ils ne sont pas li\u00e9s au b\u00e2timent,<\/strong> pouvant compter sur leur propre structure de support.<br \/>\nIl existe \u00e9galement de nombreux mat\u00e9riaux avec lesquels vous pouvez fabriquer des gazebos autoportants.<br \/>\nTout d\u00e9pend de vos besoins et de vos envies <strong>: il est possible de conserver un style plus classique, en utilisant du bois, par exemple, ou d\u2019oser une ambiance moderne<\/strong>, en utilisant du fer ou de l\u2019aluminium, surtout s\u2019il s\u2019agit d\u2019un gazebo destin\u00e9 \u00e0 un usage commercial   <\/p>\n\t\t\t\t\t\t\t\t<\/div>\n\t\t\t\t<\/div>\n\t\t\t\t<div class=\"elementor-element elementor-element-5492776c elementor-widget elementor-widget-heading\" data-id=\"5492776c\" data-element_type=\"widget\" data-e-type=\"widget\" data-widget_type=\"heading.default\">\n\t\t\t\t<div class=\"elementor-widget-container\">\n\t\t\t\t\t<h2 class=\"elementor-heading-title elementor-size-default\">POURQUOI CHOISIR UNE PERGOLA AUTOPORTANTE<\/h2>\t\t\t\t<\/div>\n\t\t\t\t<\/div>\n\t\t\t\t<div class=\"elementor-element elementor-element-6492e28a elementor-widget elementor-widget-text-editor\" data-id=\"6492e28a\" data-element_type=\"widget\" data-e-type=\"widget\" data-widget_type=\"text-editor.default\">\n\t\t\t\t<div class=\"elementor-widget-container\">\n\t\t\t\t\t\t\t\t\t<p><strong>D\u2019une structure \u00e0 valeur purement d\u00e9corative,<\/strong> en particulier dans les jardins les plus somptueux, la pergola est aujourd\u2019hui devenue un <strong>outil extr\u00eamement utile<\/strong>, non seulement d\u2019un point de vue esth\u00e9tique mais aussi d\u2019un point de vue fonctionnel.<br \/>En particulier, gr\u00e2ce \u00e0 une pergola autoportante, <strong>il est possible de s\u2019arr\u00eater confortablement dans un espace vert<\/strong>, \u00e0 l\u2019abri des \u00e9l\u00e9ments, en profitant pleinement des avantages de la vie en plein air.<br \/>\nDe plus, <strong>gr\u00e2ce \u00e0 des syst\u00e8mes de verrouillage fonctionnels<\/strong>, fixes ou mobiles, l\u2019espace ext\u00e9rieur peut \u00eatre utilis\u00e9 toute l\u2019ann\u00e9e, m\u00eame pendant les mois les plus froids.<br \/>\nNe renoncez pas \u00e0 l\u2019opportunit\u00e9 de vivre \u00e0 l\u2019ext\u00e9rieur&nbsp;!  <\/p>\n\t\t\t\t\t\t\t\t<\/div>\n\t\t\t\t<\/div>\n\t\t\t\t<div class=\"elementor-element elementor-element-cbb1dba elementor-widget elementor-widget-heading\" data-id=\"cbb1dba\" data-element_type=\"widget\" data-e-type=\"widget\" data-widget_type=\"heading.default\">\n\t\t\t\t<div class=\"elementor-widget-container\">\n\t\t\t\t\t<h2 class=\"elementor-heading-title elementor-size-default\">SP\u00c9CIALISTES DES PERGOLAS AUTOPORTANTES<\/h2>\t\t\t\t<\/div>\n\t\t\t\t<\/div>\n\t\t\t\t<div class=\"elementor-element elementor-element-571de4 elementor-widget elementor-widget-text-editor\" data-id=\"571de4\" data-element_type=\"widget\" data-e-type=\"widget\" data-widget_type=\"text-editor.default\">\n\t\t\t\t<div class=\"elementor-widget-container\">\n\t\t\t\t\t\t\t\t\t<p>Nous fabriquons et op\u00e9rons dans le domaine des pergolas, \u00e0 usage domestique et commercial. <strong>Professionnalisme, qualit\u00e9 et r\u00e9sistance des mat\u00e9riaux<\/strong> seront \u00e0 votre disposition. <strong>Actifs dans toute la Suisse<\/strong>, en particulier dans la r\u00e9gion du canton du Tessin \u00e0 Lugano, nous donnons forme et vie \u00e0 vos id\u00e9es.<br \/>\nAvec nos pergolas de jardin autoportantes, vous pouvez satisfaire tous vos besoins.<br \/>\nChoisissez la qualit\u00e9, choisissez le meilleur, choisissez le projet de couverture !  <\/p>\n\t\t\t\t\t\t\t\t<\/div>\n\t\t\t\t<\/div>\n\t\t\t\t<div class=\"elementor-element elementor-element-886b025 elementor-widget elementor-widget-heading\" data-id=\"886b025\" data-element_type=\"widget\" data-e-type=\"widget\" data-widget_type=\"heading.default\">\n\t\t\t\t<div class=\"elementor-widget-container\">\n\t\t\t\t\t<h2 class=\"elementor-heading-title elementor-size-default\">PERGOLAS AUTOPORTANTES DISPONIBLES DANS DE NOMBREUX COLORIS<\/h2>\t\t\t\t<\/div>\n\t\t\t\t<\/div>\n\t\t\t\t<div class=\"elementor-element elementor-element-6979b59 elementor-widget elementor-widget-text-editor\" data-id=\"6979b59\" data-element_type=\"widget\" data-e-type=\"widget\" data-widget_type=\"text-editor.default\">\n\t\t\t\t<div class=\"elementor-widget-container\">\n\t\t\t\t\t\t\t\t\t<p>Nous vous proposons un large choix de couleurs et de finitions, afin de satisfaire tous les go\u00fbts.<br \/>\nQu\u2019il s\u2019agisse d\u2019une <strong>structure unicolore ou bicolore ou caract\u00e9ris\u00e9e par un m\u00e9lange d\u2019ambiance moderne<\/strong>, votre pergola autoportante pourra certainement s\u2019int\u00e9grer parfaitement \u00e0 l\u2019environnement environnant. <\/p>\n\t\t\t\t\t\t\t\t<\/div>\n\t\t\t\t<\/div>\n\t\t\t\t<div class=\"elementor-element elementor-element-2b16e8a elementor-widget elementor-widget-image\" data-id=\"2b16e8a\" data-element_type=\"widget\" data-e-type=\"widget\" data-widget_type=\"image.default\">\n\t\t\t\t<div class=\"elementor-widget-container\">\n\t\t\t\t\t\t\t\t\t\t\t\t\t\t\t<img decoding=\"async\" width=\"1920\" height=\"1080\" src=\"https:\/\/coverproject.ch\/wp-content\/uploads\/pergole-autoportanti-1.webp\" class=\"attachment-large size-large wp-image-36400\" alt=\"\" srcset=\"https:\/\/coverproject.ch\/wp-content\/uploads\/pergole-autoportanti-1.webp 1920w, https:\/\/coverproject.ch\/wp-content\/uploads\/pergole-autoportanti-1-768x432.webp 768w, https:\/\/coverproject.ch\/wp-content\/uploads\/pergole-autoportanti-1-1536x864.webp 1536w\" sizes=\"(max-width: 1920px) 100vw, 1920px\" \/>\t\t\t\t\t\t\t\t\t\t\t\t\t\t\t<\/div>\n\t\t\t\t<\/div>\n\t\t\t\t<div class=\"elementor-element elementor-element-384f375 elementor-widget elementor-widget-heading\" data-id=\"384f375\" data-element_type=\"widget\" data-e-type=\"widget\" data-widget_type=\"heading.default\">\n\t\t\t\t<div class=\"elementor-widget-container\">\n\t\t\t\t\t<h2 class=\"elementor-heading-title elementor-size-default\">5 CONSEILS UTILES POUR L\u2019ACHAT D\u2019UNE PERGOLA AUTOPORTANTE<\/h2>\t\t\t\t<\/div>\n\t\t\t\t<\/div>\n\t\t\t\t<div class=\"elementor-element elementor-element-e008dd3 elementor-widget elementor-widget-text-editor\" data-id=\"e008dd3\" data-element_type=\"widget\" data-e-type=\"widget\" data-widget_type=\"text-editor.default\">\n\t\t\t\t<div class=\"elementor-widget-container\">\n\t\t\t\t\t\t\t\t\t<ul>\n<li>Afin d\u2019avoir une <strong>pergola de qualit\u00e9<\/strong>, technologiquement sup\u00e9rieure aux constructions pr\u00e9fabriqu\u00e9es, <strong>il est toujours conseill\u00e9 de contacter des experts du domaine<\/strong> sp\u00e9cialis\u00e9s dans la construction de couvertures ext\u00e9rieures.<\/li>\n<li><strong>Mat\u00e9riaux de meilleure qualit\u00e9, moins de charge d\u2019entretien au fil du temps<\/strong>.<br \/>\nC\u2019est pourquoi, m\u00eame face \u00e0 une petite d\u00e9pense suppl\u00e9mentaire, il est toujours conseill\u00e9 de se concentrer sur des mat\u00e9riaux \u00e0 haute r\u00e9sistance \u00e0 l\u2019usure impos\u00e9e par les agents atmosph\u00e9riques. <\/li>\n<li>Chaque pergola autoportante doit \u00eatre <strong>con\u00e7ue et construite sp\u00e9cifiquement pour l\u2019environnement et le contexte dans lesquels elle doit \u00eatre ins\u00e9r\u00e9e<\/strong>.<br \/>\nIl est donc pr\u00e9f\u00e9rable de personnaliser le projet dans les moindres d\u00e9tails. <\/li>\n<li>Si la surface \u00e0 couvrir est vaste, <strong>il est pr\u00e9f\u00e9rable d\u2019opter pour une solution unique, peut-\u00eatre caract\u00e9ris\u00e9e par des fermetures amovibles<\/strong> afin de faciliter le d\u00e9placement d\u2019une pi\u00e8ce \u00e0 l\u2019autre.<\/li>\n<li>Pour \u00e9viter de perdre du temps et de l\u2019argent, <strong>il est toujours bon de confier les travaux \u00e0 des techniciens qualifi\u00e9s<\/strong> capables d\u2019apporter les modifications de conception appropri\u00e9es m\u00eame pendant la construction.<\/li>\n<\/ul>\n\t\t\t\t\t\t\t\t<\/div>\n\t\t\t\t<\/div>\n\t\t\t\t\t<\/div>\n\t\t<\/div>\n\t\t\t\t\t<\/div>\n\t\t<\/section>\n\t\t\t\t\t<\/div>\n\t\t<\/div>\n\t\t\t\t<div class=\"elementor-column elementor-col-50 elementor-top-column elementor-element elementor-element-bc6817f\" data-id=\"bc6817f\" data-element_type=\"column\" data-e-type=\"column\">\n\t\t\t<div class=\"elementor-widget-wrap elementor-element-populated\">\n\t\t\t\t\t\t<div class=\"elementor-element elementor-element-7c475ba elementor-widget elementor-widget-template\" data-id=\"7c475ba\" data-element_type=\"widget\" data-e-type=\"widget\" data-settings=\"{&quot;motion_fx_motion_fx_scrolling&quot;:&quot;yes&quot;,&quot;sticky&quot;:&quot;top&quot;,&quot;sticky_parent&quot;:&quot;yes&quot;,&quot;motion_fx_devices&quot;:[&quot;desktop&quot;,&quot;tablet&quot;,&quot;mobile&quot;],&quot;sticky_on&quot;:[&quot;desktop&quot;,&quot;tablet&quot;,&quot;mobile&quot;],&quot;sticky_offset&quot;:0,&quot;sticky_effects_offset&quot;:0,&quot;sticky_anchor_link_offset&quot;:0}\" data-widget_type=\"template.default\">\n\t\t\t\t<div class=\"elementor-widget-container\">\n\t\t\t\t\t\t\t<div class=\"elementor-template\">\n\t\t\t\t\t<div data-elementor-type=\"archive\" data-elementor-id=\"36447\" class=\"elementor elementor-36447 elementor-34615\" data-elementor-post-type=\"elementor_library\">\n\t\t\t\t\t<section class=\"elementor-section elementor-top-section elementor-element elementor-element-f5256dd elementor-section-boxed elementor-section-height-default elementor-section-height-default\" data-id=\"f5256dd\" data-element_type=\"section\" data-e-type=\"section\" data-settings=\"{&quot;background_background&quot;:&quot;classic&quot;}\">\n\t\t\t\t\t\t<div class=\"elementor-container elementor-column-gap-default\">\n\t\t\t\t\t<div class=\"elementor-column elementor-col-100 elementor-top-column elementor-element elementor-element-de3cf11\" data-id=\"de3cf11\" data-element_type=\"column\" data-e-type=\"column\" data-settings=\"{&quot;background_background&quot;:&quot;classic&quot;}\">\n\t\t\t<div class=\"elementor-widget-wrap elementor-element-populated\">\n\t\t\t\t\t\t<div class=\"elementor-element elementor-element-5068b41 elementor-widget elementor-widget-heading\" data-id=\"5068b41\" data-element_type=\"widget\" data-e-type=\"widget\" data-widget_type=\"heading.default\">\n\t\t\t\t<div class=\"elementor-widget-container\">\n\t\t\t\t\t<h2 class=\"elementor-heading-title elementor-size-default\"><a href=\"#elementor-action%3Aaction%3Dpopup%3Aopen%26settings%3DeyJpZCI6MzY0NDMsInRvZ2dsZSI6ZmFsc2V9\">TOUS NOS ARTICLES<\/a><\/h2>\t\t\t\t<\/div>\n\t\t\t\t<\/div>\n\t\t\t\t\t<\/div>\n\t\t<\/div>\n\t\t\t\t\t<\/div>\n\t\t<\/section>\n\t\t\t\t<section class=\"elementor-section elementor-top-section elementor-element elementor-element-e72263c elementor-section-boxed elementor-section-height-default elementor-section-height-default\" data-id=\"e72263c\" data-element_type=\"section\" data-e-type=\"section\">\n\t\t\t\t\t\t<div class=\"elementor-container elementor-column-gap-default\">\n\t\t\t\t\t<div class=\"elementor-column elementor-col-100 elementor-top-column elementor-element elementor-element-d75c150\" data-id=\"d75c150\" data-element_type=\"column\" data-e-type=\"column\" data-settings=\"{&quot;background_background&quot;:&quot;classic&quot;}\">\n\t\t\t<div class=\"elementor-widget-wrap elementor-element-populated\">\n\t\t\t\t\t\t<div class=\"elementor-element elementor-element-e0c7537 elementor-widget elementor-widget-heading\" data-id=\"e0c7537\" data-element_type=\"widget\" data-e-type=\"widget\" data-widget_type=\"heading.default\">\n\t\t\t\t<div class=\"elementor-widget-container\">\n\t\t\t\t\t<h2 class=\"elementor-heading-title elementor-size-default\">CONSULTATION INITIALE ET DEVIS GRATUITS<\/h2>\t\t\t\t<\/div>\n\t\t\t\t<\/div>\n\t\t\t\t<div class=\"elementor-element elementor-element-a84464a elementor-widget elementor-widget-text-editor\" data-id=\"a84464a\" data-element_type=\"widget\" data-e-type=\"widget\" data-widget_type=\"text-editor.default\">\n\t\t\t\t<div class=\"elementor-widget-container\">\n\t\t\t\t\t\t\t\t\t<p>Contactez-nous pour un sondage gratuit et recevez votre proposition de projet personnalis\u00e9e<\/p>\n\t\t\t\t\t\t\t\t<\/div>\n\t\t\t\t<\/div>\n\t\t\t\t<div class=\"elementor-element elementor-element-82f7bab elementor-button-align-stretch elementor-widget elementor-widget-form\" data-id=\"82f7bab\" data-element_type=\"widget\" data-e-type=\"widget\" data-settings=\"{&quot;step_next_label&quot;:&quot;Prochain&quot;,&quot;step_previous_label&quot;:&quot;Pr\\u00e9c\\u00e9dent&quot;,&quot;button_width&quot;:&quot;100&quot;,&quot;step_type&quot;:&quot;number_text&quot;,&quot;step_icon_shape&quot;:&quot;circle&quot;}\" data-widget_type=\"form.default\">\n\t\t\t\t<div class=\"elementor-widget-container\">\n\t\t\t\t\t\t\t<form class=\"elementor-form\" method=\"post\" name=\"Formulaire de contact\" aria-label=\"Formulaire de contact\">\n\t\t\t<input type=\"hidden\" name=\"post_id\" value=\"36447\"\/>\n\t\t\t<input type=\"hidden\" name=\"form_id\" value=\"82f7bab\"\/>\n\t\t\t<input type=\"hidden\" name=\"referer_title\" value=\"Pergolas coulissantes - COVER PROJECT - Designer d&#039;ext\u00e9rieur Leader au Tessin\" \/>\n\n\t\t\t\t\t\t\t<input type=\"hidden\" name=\"queried_id\" value=\"36439\"\/>\n\t\t\t\n\t\t\t<div class=\"elementor-form-fields-wrapper elementor-labels-\">\n\t\t\t\t\t\t\t\t<div class=\"elementor-field-type-text elementor-field-group elementor-column elementor-field-group-name elementor-col-100 elementor-field-required\">\n\t\t\t\t\t\t\t\t\t\t\t\t<label for=\"form-field-name\" class=\"elementor-field-label elementor-screen-only\">\n\t\t\t\t\t\t\t\tNom\t\t\t\t\t\t\t<\/label>\n\t\t\t\t\t\t\t\t\t\t\t\t\t\t<input size=\"1\" type=\"text\" name=\"form_fields[name]\" id=\"form-field-name\" class=\"elementor-field elementor-size-sm  elementor-field-textual\" placeholder=\"Nom\" required=\"required\">\n\t\t\t\t\t\t\t\t\t\t\t<\/div>\n\t\t\t\t\t\t\t\t<div class=\"elementor-field-type-email elementor-field-group elementor-column elementor-field-group-email elementor-col-100 elementor-field-required\">\n\t\t\t\t\t\t\t\t\t\t\t\t<label for=\"form-field-email\" class=\"elementor-field-label elementor-screen-only\">\n\t\t\t\t\t\t\t\tMessagerie \u00e9lectronique\t\t\t\t\t\t\t<\/label>\n\t\t\t\t\t\t\t\t\t\t\t\t\t\t<input size=\"1\" type=\"email\" name=\"form_fields[email]\" id=\"form-field-email\" class=\"elementor-field elementor-size-sm  elementor-field-textual\" placeholder=\"Messagerie \u00e9lectronique\" required=\"required\">\n\t\t\t\t\t\t\t\t\t\t\t<\/div>\n\t\t\t\t\t\t\t\t<div class=\"elementor-field-type-text elementor-field-group elementor-column elementor-field-group-telefono elementor-col-100 elementor-field-required\">\n\t\t\t\t\t\t\t\t\t\t\t\t<label for=\"form-field-telefono\" class=\"elementor-field-label elementor-screen-only\">\n\t\t\t\t\t\t\t\tT\u00e9l\u00e9phone\t\t\t\t\t\t\t<\/label>\n\t\t\t\t\t\t\t\t\t\t\t\t\t\t<input size=\"1\" type=\"text\" name=\"form_fields[telefono]\" id=\"form-field-telefono\" class=\"elementor-field elementor-size-sm  elementor-field-textual\" placeholder=\"T\u00e9l\u00e9phone\" required=\"required\">\n\t\t\t\t\t\t\t\t\t\t\t<\/div>\n\t\t\t\t\t\t\t\t<div class=\"elementor-field-type-textarea elementor-field-group elementor-column elementor-field-group-field_45f7e58 elementor-col-100 elementor-field-required\">\n\t\t\t\t\t\t\t\t\t\t\t\t<label for=\"form-field-field_45f7e58\" class=\"elementor-field-label elementor-screen-only\">\n\t\t\t\t\t\t\t\tMessage\t\t\t\t\t\t\t<\/label>\n\t\t\t\t\t\t<textarea class=\"elementor-field-textual elementor-field  elementor-size-sm\" name=\"form_fields[field_45f7e58]\" id=\"form-field-field_45f7e58\" rows=\"2\" placeholder=\"Message\" required=\"required\"><\/textarea>\t\t\t\t<\/div>\n\t\t\t\t\t\t\t\t<div class=\"elementor-field-group elementor-column elementor-field-type-submit elementor-col-100 e-form__buttons\">\n\t\t\t\t\t<button class=\"elementor-button elementor-size-sm\" type=\"submit\">\n\t\t\t\t\t\t<span class=\"elementor-button-content-wrapper\">\n\t\t\t\t\t\t\t\t\t\t\t\t\t\t\t\t\t\t\t\t\t\t<span class=\"elementor-button-text\">DEMANDER UN CONSEIL<\/span>\n\t\t\t\t\t\t\t\t\t\t\t\t\t<\/span>\n\t\t\t\t\t<\/button>\n\t\t\t\t<\/div>\n\t\t\t<\/div>\n\t\t<\/form>\n\t\t\t\t\t\t<\/div>\n\t\t\t\t<\/div>\n\t\t\t\t\t<\/div>\n\t\t<\/div>\n\t\t\t\t\t<\/div>\n\t\t<\/section>\n\t\t\t\t<\/div>\n\t\t\t\t<\/div>\n\t\t\t\t\t\t<\/div>\n\t\t\t\t<\/div>\n\t\t\t\t\t<\/div>\n\t\t<\/div>\n\t\t\t\t\t<\/div>\n\t\t<\/section>\n\t\t\t\t<section class=\"elementor-section elementor-top-section elementor-element elementor-element-5a5060f elementor-section-full_width elementor-section-stretched elementor-section-height-default elementor-section-height-default\" data-id=\"5a5060f\" data-element_type=\"section\" data-e-type=\"section\" data-settings=\"{&quot;stretch_section&quot;:&quot;section-stretched&quot;}\">\n\t\t\t\t\t\t<div class=\"elementor-container elementor-column-gap-default\">\n\t\t\t\t\t<div class=\"elementor-column elementor-col-100 elementor-top-column elementor-element elementor-element-8f32440\" data-id=\"8f32440\" data-element_type=\"column\" data-e-type=\"column\">\n\t\t\t<div class=\"elementor-widget-wrap elementor-element-populated\">\n\t\t\t\t\t\t\t<\/div>\n\t\t<\/div>\n\t\t\t\t\t<\/div>\n\t\t<\/section>\n\t\t\t\t<\/div>\n\t\t","protected":false},"excerpt":{"rendered":"<p>PERGOLAS AUTOPORTANTES EN SUISSE D\u00e9couvrez les avantages des pergolas autoportantes Cover Project et profitez pleinement des bienfaits de la vie en plein air ! Tant d\u2019avantages pour vous, lisez la suite&#8230; LES MEILLEURES PERGOLAS AUTOPORTANTES Pourquoi limiter votre espace ? Vous profitez de vos espaces verts tout au long de l\u2019ann\u00e9e ? Gr\u00e2ce \u00e0 nos [&hellip;]<\/p>\n","protected":false},"author":6,"featured_media":0,"parent":0,"menu_order":0,"comment_status":"closed","ping_status":"closed","template":"","meta":{"footnotes":""},"class_list":["post-36528","page","type-page","status-publish","hentry"],"_links":{"self":[{"href":"https:\/\/coverproject.ch\/fr\/wp-json\/wp\/v2\/pages\/36528","targetHints":{"allow":["GET"]}}],"collection":[{"href":"https:\/\/coverproject.ch\/fr\/wp-json\/wp\/v2\/pages"}],"about":[{"href":"https:\/\/coverproject.ch\/fr\/wp-json\/wp\/v2\/types\/page"}],"author":[{"embeddable":true,"href":"https:\/\/coverproject.ch\/fr\/wp-json\/wp\/v2\/users\/6"}],"replies":[{"embeddable":true,"href":"https:\/\/coverproject.ch\/fr\/wp-json\/wp\/v2\/comments?post=36528"}],"version-history":[{"count":0,"href":"https:\/\/coverproject.ch\/fr\/wp-json\/wp\/v2\/pages\/36528\/revisions"}],"wp:attachment":[{"href":"https:\/\/coverproject.ch\/fr\/wp-json\/wp\/v2\/media?parent=36528"}],"curies":[{"name":"wp","href":"https:\/\/api.w.org\/{rel}","templated":true}]}}