{"id":36523,"date":"2024-08-12T15:18:36","date_gmt":"2024-08-12T13:18:36","guid":{"rendered":"https:\/\/coverproject.ch\/pergolas-en-fer-ou-en-aluminium\/"},"modified":"2024-08-12T15:20:45","modified_gmt":"2024-08-12T13:20:45","slug":"pergolas-en-fer-ou-en-aluminium","status":"publish","type":"page","link":"https:\/\/coverproject.ch\/fr\/pergolas-en-fer-ou-en-aluminium\/","title":{"rendered":"Pergolas en fer ou en aluminium"},"content":{"rendered":"\t\t<div data-elementor-type=\"wp-page\" data-elementor-id=\"36523\" class=\"elementor elementor-36523 elementor-29715\" data-elementor-post-type=\"page\">\n\t\t\t\t\t\t<section class=\"elementor-section elementor-top-section elementor-element elementor-element-48d46cdd elementor-section-boxed elementor-section-height-default elementor-section-height-default\" data-id=\"48d46cdd\" data-element_type=\"section\" data-e-type=\"section\">\n\t\t\t\t\t\t<div class=\"elementor-container elementor-column-gap-default\">\n\t\t\t\t\t<div class=\"elementor-column elementor-col-50 elementor-top-column elementor-element elementor-element-7a82af4e\" data-id=\"7a82af4e\" data-element_type=\"column\" data-e-type=\"column\">\n\t\t\t<div class=\"elementor-widget-wrap elementor-element-populated\">\n\t\t\t\t\t\t<div class=\"elementor-element elementor-element-95d847d elementor-widget elementor-widget-image\" data-id=\"95d847d\" data-element_type=\"widget\" data-e-type=\"widget\" data-widget_type=\"image.default\">\n\t\t\t\t<div class=\"elementor-widget-container\">\n\t\t\t\t\t\t\t\t\t\t\t\t\t\t\t<img fetchpriority=\"high\" decoding=\"async\" width=\"1600\" height=\"800\" src=\"https:\/\/coverproject.ch\/wp-content\/uploads\/pergole-in-ferro-o-acciaio.webp\" class=\"attachment-large size-large wp-image-36259\" alt=\"\" srcset=\"https:\/\/coverproject.ch\/wp-content\/uploads\/pergole-in-ferro-o-acciaio.webp 1600w, https:\/\/coverproject.ch\/wp-content\/uploads\/pergole-in-ferro-o-acciaio-768x384.webp 768w, https:\/\/coverproject.ch\/wp-content\/uploads\/pergole-in-ferro-o-acciaio-1536x768.webp 1536w\" sizes=\"(max-width: 1600px) 100vw, 1600px\" \/>\t\t\t\t\t\t\t\t\t\t\t\t\t\t\t<\/div>\n\t\t\t\t<\/div>\n\t\t\t\t<div class=\"elementor-element elementor-element-17b7d8ec elementor-widget elementor-widget-heading\" data-id=\"17b7d8ec\" data-element_type=\"widget\" data-e-type=\"widget\" data-widget_type=\"heading.default\">\n\t\t\t\t<div class=\"elementor-widget-container\">\n\t\t\t\t\t<h1 class=\"elementor-heading-title elementor-size-default\">PERGOLAS EN FER OU EN ALUMINIUM<span style=\"font-size: 2.1111111111111rem;font-weight: 800;text-transform: inherit\"><\/span><\/h1>\t\t\t\t<\/div>\n\t\t\t\t<\/div>\n\t\t\t\t<div class=\"elementor-element elementor-element-661d89b elementor-widget elementor-widget-text-editor\" data-id=\"661d89b\" data-element_type=\"widget\" data-e-type=\"widget\" data-widget_type=\"text-editor.default\">\n\t\t\t\t<div class=\"elementor-widget-container\">\n\t\t\t\t\t\t\t\t\t<p>Avec nos pergolas, vous pouvez donner vie \u00e0 vos id\u00e9es.<br \/>\nNous disposons <strong>de nombreuses solutions en fer ou en aluminium<\/strong> adapt\u00e9es \u00e0 vos besoins. <br \/><a href=\"http:\/\/coverproject.ch\/\">D\u00c9COUVREZ TOUTES LES SOLUTIONS<\/a><\/p>\n\t\t\t\t\t\t\t\t<\/div>\n\t\t\t\t<\/div>\n\t\t\t\t<section class=\"elementor-section elementor-inner-section elementor-element elementor-element-3f4459c2 elementor-section-boxed elementor-section-height-default elementor-section-height-default\" data-id=\"3f4459c2\" data-element_type=\"section\" data-e-type=\"section\">\n\t\t\t\t\t\t<div class=\"elementor-container elementor-column-gap-default\">\n\t\t\t\t\t<div class=\"elementor-column elementor-col-100 elementor-inner-column elementor-element elementor-element-497a4d49\" data-id=\"497a4d49\" data-element_type=\"column\" data-e-type=\"column\">\n\t\t\t<div class=\"elementor-widget-wrap elementor-element-populated\">\n\t\t\t\t\t\t<div class=\"elementor-element elementor-element-89bf534 elementor-widget elementor-widget-heading\" data-id=\"89bf534\" data-element_type=\"widget\" data-e-type=\"widget\" data-widget_type=\"heading.default\">\n\t\t\t\t<div class=\"elementor-widget-container\">\n\t\t\t\t\t<h2 class=\"elementor-heading-title elementor-size-default\">PERGOLAS EN FER OU EN ALUMINIUM : UNE SOLUTION PRATIQUE ET EFFICACE<\/h2>\t\t\t\t<\/div>\n\t\t\t\t<\/div>\n\t\t\t\t<div class=\"elementor-element elementor-element-51b80912 elementor-widget elementor-widget-text-editor\" data-id=\"51b80912\" data-element_type=\"widget\" data-e-type=\"widget\" data-widget_type=\"text-editor.default\">\n\t\t\t\t<div class=\"elementor-widget-container\">\n\t\t\t\t\t\t\t\t\t<p>Cr\u00e9ez des zones ombrag\u00e9es dans votre jardin avec un minimum d\u2019espace et un maximum de praticit\u00e9 ! Quoi? Gr\u00e2ce \u00e0 Cover <span style=\"font-size: 18px; font-style: normal; font-weight: 300;\">Project <\/span>et \u00e0 nos <strong>pergolas en fer ou en aluminium<\/strong> vous donnerez une nouvelle vie \u00e0 vos ext\u00e9rieurs !<br \/>\nDonnez de l\u2019espace \u00e0 votre imagination et r\u00e9alisez votre id\u00e9e avec nous, <strong>qu\u2019il s\u2019agisse d\u2019une pergola murale ou autoportante<\/strong> avec nos cr\u00e9ations, vous pourrez embellir votre maison ou votre entreprise.<br \/>\nLire la suite&#8230;  <\/p>\n\t\t\t\t\t\t\t\t<\/div>\n\t\t\t\t<\/div>\n\t\t\t\t<div class=\"elementor-element elementor-element-2d589393 elementor-widget elementor-widget-heading\" data-id=\"2d589393\" data-element_type=\"widget\" data-e-type=\"widget\" data-widget_type=\"heading.default\">\n\t\t\t\t<div class=\"elementor-widget-container\">\n\t\t\t\t\t<h2 class=\"elementor-heading-title elementor-size-default\">NOMBREUSES R\u00c9ALISATIONS POSSIBLES AVEC DES PERGOLAS EN FER OU EN ALUMINIUM<\/h2>\t\t\t\t<\/div>\n\t\t\t\t<\/div>\n\t\t\t\t<div class=\"elementor-element elementor-element-70ddaeb8 elementor-widget elementor-widget-text-editor\" data-id=\"70ddaeb8\" data-element_type=\"widget\" data-e-type=\"widget\" data-widget_type=\"text-editor.default\">\n\t\t\t\t<div class=\"elementor-widget-container\">\n\t\t\t\t\t\t\t\t\t<p>Les pergolas sont des <strong>structures tr\u00e8s modulaires et r\u00e9sistantes<\/strong> qui peuvent transformer l\u2019environnement ext\u00e9rieur en <strong>cr\u00e9ant de nouveaux espaces habitables<\/strong> ou en donnant une touche esth\u00e9tique unique et incomparable \u00e0 votre b\u00e2timent, peut-\u00eatre en d\u00e9corant votre pergola avec des plantes et des fleurs.<br \/>Les pergolas sont <strong>\u00e9galement bien adapt\u00e9es aux activit\u00e9s commerciales<\/strong>, car elles permettent de rendre les espaces ext\u00e9rieurs utilisables tout au long de l\u2019ann\u00e9e gr\u00e2ce \u00e0 la possibilit\u00e9 d\u2019installer des fermetures coulissantes de diff\u00e9rents types.<br \/>\nDe larges possibilit\u00e9s de d\u00e9coration, donc, mais aussi une fonctionnalit\u00e9 et une praticit\u00e9 <strong>extr\u00eames, surtout si les pergolas sont en fer ou en aluminium<\/strong> <\/p>\n\t\t\t\t\t\t\t\t<\/div>\n\t\t\t\t<\/div>\n\t\t\t\t<div class=\"elementor-element elementor-element-ef81618 elementor-widget elementor-widget-heading\" data-id=\"ef81618\" data-element_type=\"widget\" data-e-type=\"widget\" data-widget_type=\"heading.default\">\n\t\t\t\t<div class=\"elementor-widget-container\">\n\t\t\t\t\t<h2 class=\"elementor-heading-title elementor-size-default\">LES PERGOLAS EN FER OU EN ALUMINIUM : LES PLUS UTILIS\u00c9ES<\/h2>\t\t\t\t<\/div>\n\t\t\t\t<\/div>\n\t\t\t\t<div class=\"elementor-element elementor-element-727ac0e2 elementor-widget elementor-widget-text-editor\" data-id=\"727ac0e2\" data-element_type=\"widget\" data-e-type=\"widget\" data-widget_type=\"text-editor.default\">\n\t\t\t\t<div class=\"elementor-widget-container\">\n\t\t\t\t\t\t\t\t\tQuels mat\u00e9riaux utiliser pour fabriquer une pergola ?\nLes plus utilis\u00e9s sont sans aucun doute le fer ou l\u2019aluminium.\nEt c\u2019est parce que :  <\/p>\n\n<ul>\n \t<li>Gr\u00e2ce aux caract\u00e9ristiques intrins\u00e8ques des deux mat\u00e9riaux, la structure porteuse peut avoir des dimensions relativement petites ;<\/li>\n \t<li>Le fer et l\u2019aluminium ont une <strong>grande r\u00e9sistance<\/strong> aux agents atmosph\u00e9riques, aux changements de temp\u00e9rature et \u00e0 l\u2019usure dans le temps ;<\/li>\n \t<li>Ils sont <strong>extr\u00eamement modulaires et adaptables<\/strong> aux besoins esth\u00e9tiques et d\u00e9coratifs.\t\t\t\t\t\t\t\t<\/div>\n\t\t\t\t<\/div>\n\t\t\t\t<div class=\"elementor-element elementor-element-cb08f18 elementor-widget elementor-widget-image\" data-id=\"cb08f18\" data-element_type=\"widget\" data-e-type=\"widget\" data-widget_type=\"image.default\">\n\t\t\t\t<div class=\"elementor-widget-container\">\n\t\t\t\t\t\t\t\t\t\t\t\t\t\t\t<img decoding=\"async\" width=\"1920\" height=\"1080\" src=\"https:\/\/coverproject.ch\/wp-content\/uploads\/pergole-in-alluminio.webp\" class=\"attachment-large size-large wp-image-36398\" alt=\"\" srcset=\"https:\/\/coverproject.ch\/wp-content\/uploads\/pergole-in-alluminio.webp 1920w, https:\/\/coverproject.ch\/wp-content\/uploads\/pergole-in-alluminio-768x432.webp 768w, https:\/\/coverproject.ch\/wp-content\/uploads\/pergole-in-alluminio-1536x864.webp 1536w\" sizes=\"(max-width: 1920px) 100vw, 1920px\" \/>\t\t\t\t\t\t\t\t\t\t\t\t\t\t\t<\/div>\n\t\t\t\t<\/div>\n\t\t\t\t<div class=\"elementor-element elementor-element-522e71b5 elementor-widget elementor-widget-heading\" data-id=\"522e71b5\" data-element_type=\"widget\" data-e-type=\"widget\" data-widget_type=\"heading.default\">\n\t\t\t\t<div class=\"elementor-widget-container\">\n\t\t\t\t\t<h2 class=\"elementor-heading-title elementor-size-default\">PERGOLAS EN FER OU EN ALUMINIUM ?\nICI, CHEZ COVER PROJECT, JE SUIS CHEZ MOI <\/h2>\t\t\t\t<\/div>\n\t\t\t\t<\/div>\n\t\t\t\t<div class=\"elementor-element elementor-element-567e076c elementor-widget elementor-widget-text-editor\" data-id=\"567e076c\" data-element_type=\"widget\" data-e-type=\"widget\" data-widget_type=\"text-editor.default\">\n\t\t\t\t<div class=\"elementor-widget-container\">\n\t\t\t\t\t\t\t\t\t<p>Nous avons toujours <strong>fabriqu\u00e9 des pergolas pour les particuliers et les entreprises<\/strong> , op\u00e9rant principalement dans la r\u00e9gion de Lugano dans le canton du Tessin, mais aussi \u00e0 Bellinzone, Locarno et dans toute la Suisse.<br \/>Avec Cover <span style=\"font-size: 18px; font-style: normal; font-weight: 300; color: var( --e-global-color-text ); font-family: var( --e-global-typography-text-font-family ), Sans-serif;\">Project<\/span><span style=\"font-size: 18px; color: var( --e-global-color-text ); font-family: var( --e-global-typography-text-font-family ), Sans-serif;\"> , vous pouvez donner forme \u00e0 vos id\u00e9es, <\/span><strong style=\"font-size: 18px; color: var( --e-global-color-text ); font-family: var( --e-global-typography-text-font-family ), Sans-serif;\">nous cr\u00e9erons une pergola en aluminium fonctionnelle<\/strong><span style=\"font-size: 18px; color: var( --e-global-color-text ); font-family: var( --e-global-typography-text-font-family ), Sans-serif;\"> capable de transformer votre jardin en une \u00ab&nbsp;pi\u00e8ce&nbsp;\u00bb de la maison qui pourra \u00eatre v\u00e9cue toute l\u2019ann\u00e9e ou <\/span><strong style=\"font-size: 18px; color: var( --e-global-color-text ); font-family: var( --e-global-typography-text-font-family ), Sans-serif;\">nous embellirons votre espace vert avec une pergola en fer au design moderne mais raffin\u00e9<\/strong><span style=\"font-size: 18px; color: var( --e-global-color-text ); font-family: var( --e-global-typography-text-font-family ), Sans-serif;\">.<br \/>\nScegli la migliore qualit\u00e0 per le tue pergole in ferro o alluminio, scegli solo i migliori professionisti, scegli Cover   <\/span><span style=\"font-size: 18px; font-style: normal; font-weight: 300; color: var( --e-global-color-text ); font-family: var( --e-global-typography-text-font-family ), Sans-serif;\">Projet<\/span><span style=\"color: var( --e-global-color-text ); font-family: var( --e-global-typography-text-font-family ), Sans-serif; font-size: 18px;\">&nbsp;!<\/span><\/p>\n\t\t\t\t\t\t\t\t<\/div>\n\t\t\t\t<\/div>\n\t\t\t\t<div class=\"elementor-element elementor-element-7529000 elementor-widget elementor-widget-heading\" data-id=\"7529000\" data-element_type=\"widget\" data-e-type=\"widget\" data-widget_type=\"heading.default\">\n\t\t\t\t<div class=\"elementor-widget-container\">\n\t\t\t\t\t<h2 class=\"elementor-heading-title elementor-size-default\">PERGOLAS EN FER OU EN ALUMINIUM DISPONIBLES DANS DE NOMBREUX COLORIS  <\/h2>\t\t\t\t<\/div>\n\t\t\t\t<\/div>\n\t\t\t\t<div class=\"elementor-element elementor-element-c8b4abb elementor-widget elementor-widget-text-editor\" data-id=\"c8b4abb\" data-element_type=\"widget\" data-e-type=\"widget\" data-widget_type=\"text-editor.default\">\n\t\t\t\t<div class=\"elementor-widget-container\">\n\t\t\t\t\t\t\t\t\t<p>Nous <strong>avons de nombreuses couleurs disponibles<\/strong> pour vos pergolas en fer ou en aluminium.<br \/>\nDe nombreuses solutions avec <strong>une seule couleur bicolore, ou<\/strong> il est possible <strong>de combiner la couleur des lames avec celle de l\u2019int\u00e9rieur<\/strong>, obtenant ainsi une harmonie visuelle totale. <\/p>\n\t\t\t\t\t\t\t\t<\/div>\n\t\t\t\t<\/div>\n\t\t\t\t\t<\/div>\n\t\t<\/div>\n\t\t\t\t\t<\/div>\n\t\t<\/section>\n\t\t\t\t\t<\/div>\n\t\t<\/div>\n\t\t\t\t<div class=\"elementor-column elementor-col-50 elementor-top-column elementor-element elementor-element-32e658a\" data-id=\"32e658a\" data-element_type=\"column\" data-e-type=\"column\">\n\t\t\t<div class=\"elementor-widget-wrap elementor-element-populated\">\n\t\t\t\t\t\t<div class=\"elementor-element elementor-element-9000e27 elementor-widget elementor-widget-template\" data-id=\"9000e27\" data-element_type=\"widget\" data-e-type=\"widget\" data-settings=\"{&quot;motion_fx_motion_fx_scrolling&quot;:&quot;yes&quot;,&quot;sticky&quot;:&quot;top&quot;,&quot;sticky_parent&quot;:&quot;yes&quot;,&quot;motion_fx_devices&quot;:[&quot;desktop&quot;,&quot;tablet&quot;,&quot;mobile&quot;],&quot;sticky_on&quot;:[&quot;desktop&quot;,&quot;tablet&quot;,&quot;mobile&quot;],&quot;sticky_offset&quot;:0,&quot;sticky_effects_offset&quot;:0,&quot;sticky_anchor_link_offset&quot;:0}\" data-widget_type=\"template.default\">\n\t\t\t\t<div class=\"elementor-widget-container\">\n\t\t\t\t\t\t\t<div class=\"elementor-template\">\n\t\t\t\t\t<div data-elementor-type=\"archive\" data-elementor-id=\"36447\" class=\"elementor elementor-36447 elementor-34615\" data-elementor-post-type=\"elementor_library\">\n\t\t\t\t\t<section class=\"elementor-section elementor-top-section elementor-element elementor-element-f5256dd elementor-section-boxed elementor-section-height-default elementor-section-height-default\" data-id=\"f5256dd\" data-element_type=\"section\" data-e-type=\"section\" data-settings=\"{&quot;background_background&quot;:&quot;classic&quot;}\">\n\t\t\t\t\t\t<div class=\"elementor-container elementor-column-gap-default\">\n\t\t\t\t\t<div class=\"elementor-column elementor-col-100 elementor-top-column elementor-element elementor-element-de3cf11\" data-id=\"de3cf11\" data-element_type=\"column\" data-e-type=\"column\" data-settings=\"{&quot;background_background&quot;:&quot;classic&quot;}\">\n\t\t\t<div class=\"elementor-widget-wrap elementor-element-populated\">\n\t\t\t\t\t\t<div class=\"elementor-element elementor-element-5068b41 elementor-widget elementor-widget-heading\" data-id=\"5068b41\" data-element_type=\"widget\" data-e-type=\"widget\" data-widget_type=\"heading.default\">\n\t\t\t\t<div class=\"elementor-widget-container\">\n\t\t\t\t\t<h2 class=\"elementor-heading-title elementor-size-default\"><a href=\"#elementor-action%3Aaction%3Dpopup%3Aopen%26settings%3DeyJpZCI6MzY0NDMsInRvZ2dsZSI6ZmFsc2V9\">TOUS NOS ARTICLES<\/a><\/h2>\t\t\t\t<\/div>\n\t\t\t\t<\/div>\n\t\t\t\t\t<\/div>\n\t\t<\/div>\n\t\t\t\t\t<\/div>\n\t\t<\/section>\n\t\t\t\t<section class=\"elementor-section elementor-top-section elementor-element elementor-element-e72263c elementor-section-boxed elementor-section-height-default elementor-section-height-default\" data-id=\"e72263c\" data-element_type=\"section\" data-e-type=\"section\">\n\t\t\t\t\t\t<div class=\"elementor-container elementor-column-gap-default\">\n\t\t\t\t\t<div class=\"elementor-column elementor-col-100 elementor-top-column elementor-element elementor-element-d75c150\" data-id=\"d75c150\" data-element_type=\"column\" data-e-type=\"column\" data-settings=\"{&quot;background_background&quot;:&quot;classic&quot;}\">\n\t\t\t<div class=\"elementor-widget-wrap elementor-element-populated\">\n\t\t\t\t\t\t<div class=\"elementor-element elementor-element-e0c7537 elementor-widget elementor-widget-heading\" data-id=\"e0c7537\" data-element_type=\"widget\" data-e-type=\"widget\" data-widget_type=\"heading.default\">\n\t\t\t\t<div class=\"elementor-widget-container\">\n\t\t\t\t\t<h2 class=\"elementor-heading-title elementor-size-default\">CONSULTATION INITIALE ET DEVIS GRATUITS<\/h2>\t\t\t\t<\/div>\n\t\t\t\t<\/div>\n\t\t\t\t<div class=\"elementor-element elementor-element-a84464a elementor-widget elementor-widget-text-editor\" data-id=\"a84464a\" data-element_type=\"widget\" data-e-type=\"widget\" data-widget_type=\"text-editor.default\">\n\t\t\t\t<div class=\"elementor-widget-container\">\n\t\t\t\t\t\t\t\t\t<p>Contactez-nous pour un sondage gratuit et recevez votre proposition de projet personnalis\u00e9e<\/p>\n\t\t\t\t\t\t\t\t<\/div>\n\t\t\t\t<\/div>\n\t\t\t\t<div class=\"elementor-element elementor-element-82f7bab elementor-button-align-stretch elementor-widget elementor-widget-form\" data-id=\"82f7bab\" data-element_type=\"widget\" data-e-type=\"widget\" data-settings=\"{&quot;step_next_label&quot;:&quot;Prochain&quot;,&quot;step_previous_label&quot;:&quot;Pr\\u00e9c\\u00e9dent&quot;,&quot;button_width&quot;:&quot;100&quot;,&quot;step_type&quot;:&quot;number_text&quot;,&quot;step_icon_shape&quot;:&quot;circle&quot;}\" data-widget_type=\"form.default\">\n\t\t\t\t<div class=\"elementor-widget-container\">\n\t\t\t\t\t\t\t<form class=\"elementor-form\" method=\"post\" name=\"Formulaire de contact\" aria-label=\"Formulaire de contact\">\n\t\t\t<input type=\"hidden\" name=\"post_id\" value=\"36447\"\/>\n\t\t\t<input type=\"hidden\" name=\"form_id\" value=\"82f7bab\"\/>\n\t\t\t<input type=\"hidden\" name=\"referer_title\" value=\"Pergolas en fer ou en aluminium - COVER PROJECT - Outdoor designer Leader in Ticino\" \/>\n\n\t\t\t\t\t\t\t<input type=\"hidden\" name=\"queried_id\" value=\"36523\"\/>\n\t\t\t\n\t\t\t<div class=\"elementor-form-fields-wrapper elementor-labels-\">\n\t\t\t\t\t\t\t\t<div class=\"elementor-field-type-text elementor-field-group elementor-column elementor-field-group-name elementor-col-100 elementor-field-required\">\n\t\t\t\t\t\t\t\t\t\t\t\t<label for=\"form-field-name\" class=\"elementor-field-label elementor-screen-only\">\n\t\t\t\t\t\t\t\tNom\t\t\t\t\t\t\t<\/label>\n\t\t\t\t\t\t\t\t\t\t\t\t\t\t<input size=\"1\" type=\"text\" name=\"form_fields[name]\" id=\"form-field-name\" class=\"elementor-field elementor-size-sm  elementor-field-textual\" placeholder=\"Nom\" required=\"required\">\n\t\t\t\t\t\t\t\t\t\t\t<\/div>\n\t\t\t\t\t\t\t\t<div class=\"elementor-field-type-email elementor-field-group elementor-column elementor-field-group-email elementor-col-100 elementor-field-required\">\n\t\t\t\t\t\t\t\t\t\t\t\t<label for=\"form-field-email\" class=\"elementor-field-label elementor-screen-only\">\n\t\t\t\t\t\t\t\tMessagerie \u00e9lectronique\t\t\t\t\t\t\t<\/label>\n\t\t\t\t\t\t\t\t\t\t\t\t\t\t<input size=\"1\" type=\"email\" name=\"form_fields[email]\" id=\"form-field-email\" class=\"elementor-field elementor-size-sm  elementor-field-textual\" placeholder=\"Messagerie \u00e9lectronique\" required=\"required\">\n\t\t\t\t\t\t\t\t\t\t\t<\/div>\n\t\t\t\t\t\t\t\t<div class=\"elementor-field-type-text elementor-field-group elementor-column elementor-field-group-telefono elementor-col-100 elementor-field-required\">\n\t\t\t\t\t\t\t\t\t\t\t\t<label for=\"form-field-telefono\" class=\"elementor-field-label elementor-screen-only\">\n\t\t\t\t\t\t\t\tT\u00e9l\u00e9phone\t\t\t\t\t\t\t<\/label>\n\t\t\t\t\t\t\t\t\t\t\t\t\t\t<input size=\"1\" type=\"text\" name=\"form_fields[telefono]\" id=\"form-field-telefono\" class=\"elementor-field elementor-size-sm  elementor-field-textual\" placeholder=\"T\u00e9l\u00e9phone\" required=\"required\">\n\t\t\t\t\t\t\t\t\t\t\t<\/div>\n\t\t\t\t\t\t\t\t<div class=\"elementor-field-type-textarea elementor-field-group elementor-column elementor-field-group-field_45f7e58 elementor-col-100 elementor-field-required\">\n\t\t\t\t\t\t\t\t\t\t\t\t<label for=\"form-field-field_45f7e58\" class=\"elementor-field-label elementor-screen-only\">\n\t\t\t\t\t\t\t\tMessage\t\t\t\t\t\t\t<\/label>\n\t\t\t\t\t\t<textarea class=\"elementor-field-textual elementor-field  elementor-size-sm\" name=\"form_fields[field_45f7e58]\" id=\"form-field-field_45f7e58\" rows=\"2\" placeholder=\"Message\" required=\"required\"><\/textarea>\t\t\t\t<\/div>\n\t\t\t\t\t\t\t\t<div class=\"elementor-field-group elementor-column elementor-field-type-submit elementor-col-100 e-form__buttons\">\n\t\t\t\t\t<button class=\"elementor-button elementor-size-sm\" type=\"submit\">\n\t\t\t\t\t\t<span class=\"elementor-button-content-wrapper\">\n\t\t\t\t\t\t\t\t\t\t\t\t\t\t\t\t\t\t\t\t\t\t<span class=\"elementor-button-text\">DEMANDER UN CONSEIL<\/span>\n\t\t\t\t\t\t\t\t\t\t\t\t\t<\/span>\n\t\t\t\t\t<\/button>\n\t\t\t\t<\/div>\n\t\t\t<\/div>\n\t\t<\/form>\n\t\t\t\t\t\t<\/div>\n\t\t\t\t<\/div>\n\t\t\t\t\t<\/div>\n\t\t<\/div>\n\t\t\t\t\t<\/div>\n\t\t<\/section>\n\t\t\t\t<\/div>\n\t\t\t\t<\/div>\n\t\t\t\t\t\t<\/div>\n\t\t\t\t<\/div>\n\t\t\t\t\t<\/div>\n\t\t<\/div>\n\t\t\t\t\t<\/div>\n\t\t<\/section>\n\t\t\t\t<\/div>\n\t\t","protected":false},"excerpt":{"rendered":"<p>PERGOLAS EN FER OU EN ALUMINIUM Avec nos pergolas, vous pouvez donner vie \u00e0 vos id\u00e9es. Nous disposons de nombreuses solutions en fer ou en aluminium adapt\u00e9es \u00e0 vos besoins. D\u00c9COUVREZ TOUTES LES SOLUTIONS PERGOLAS EN FER OU EN ALUMINIUM : UNE SOLUTION PRATIQUE ET EFFICACE Cr\u00e9ez des zones ombrag\u00e9es dans votre jardin avec un [&hellip;]<\/p>\n","protected":false},"author":6,"featured_media":0,"parent":0,"menu_order":0,"comment_status":"closed","ping_status":"closed","template":"","meta":{"footnotes":""},"class_list":["post-36523","page","type-page","status-publish","hentry"],"_links":{"self":[{"href":"https:\/\/coverproject.ch\/fr\/wp-json\/wp\/v2\/pages\/36523","targetHints":{"allow":["GET"]}}],"collection":[{"href":"https:\/\/coverproject.ch\/fr\/wp-json\/wp\/v2\/pages"}],"about":[{"href":"https:\/\/coverproject.ch\/fr\/wp-json\/wp\/v2\/types\/page"}],"author":[{"embeddable":true,"href":"https:\/\/coverproject.ch\/fr\/wp-json\/wp\/v2\/users\/6"}],"replies":[{"embeddable":true,"href":"https:\/\/coverproject.ch\/fr\/wp-json\/wp\/v2\/comments?post=36523"}],"version-history":[{"count":0,"href":"https:\/\/coverproject.ch\/fr\/wp-json\/wp\/v2\/pages\/36523\/revisions"}],"wp:attachment":[{"href":"https:\/\/coverproject.ch\/fr\/wp-json\/wp\/v2\/media?parent=36523"}],"curies":[{"name":"wp","href":"https:\/\/api.w.org\/{rel}","templated":true}]}}